{"id":10925,"date":"2024-01-22T17:19:33","date_gmt":"2024-01-22T17:19:33","guid":{"rendered":"http:\/\/lequia-udg.com\/noticies\/"},"modified":"2024-03-20T19:08:52","modified_gmt":"2024-03-20T19:08:52","slug":"noticies","status":"publish","type":"page","link":"https:\/\/lequia-udg.com\/ca\/noticies\/","title":{"rendered":"Not\u00edcies"},"content":{"rendered":"\t\t<div data-elementor-type=\"wp-page\" data-elementor-id=\"10925\" class=\"elementor elementor-10925 elementor-3784\" data-elementor-post-type=\"page\">\n\t\t\t\t\t\t<section class=\"elementor-section elementor-top-section elementor-element elementor-element-e731a1e ts-col-stretched-none ts-bg-color-over-image elementor-section-boxed elementor-section-height-default elementor-section-height-default\" data-id=\"e731a1e\" data-element_type=\"section\">\n\t\t\t\t\t\t<div class=\"elementor-container elementor-column-gap-default\">\n\t\t\t\t\t<div class=\"elementor-column elementor-col-100 elementor-top-column elementor-element elementor-element-b75f51a ts-bg-color-over-image\" data-id=\"b75f51a\" data-element_type=\"column\">\n\t\t\t<div class=\"elementor-widget-wrap elementor-element-populated\">\n\t\t\t\t\t\t<div class=\"elementor-element elementor-element-c8c2311 elementor-widget elementor-widget-spacer\" data-id=\"c8c2311\" data-element_type=\"widget\" data-widget_type=\"spacer.default\">\n\t\t\t\t<div class=\"elementor-widget-container\">\n\t\t\t\t\t\t\t<div class=\"elementor-spacer\">\n\t\t\t<div class=\"elementor-spacer-inner\"><\/div>\n\t\t<\/div>\n\t\t\t\t\t\t<\/div>\n\t\t\t\t<\/div>\n\t\t\t\t<div class=\"elementor-element elementor-element-36b2b67 elementor-widget elementor-widget-ts_blog_element\" data-id=\"36b2b67\" data-element_type=\"widget\" data-widget_type=\"ts_blog_element.default\">\n\t\t\t\t<div class=\"elementor-widget-container\">\n\t\t\t\t\t<div class=\"themestek-boxes themestek-boxes-blog themestek-boxes-element-blog-style-2 themestek-boxes-view-default themestek-boxes-col-two themestek-boxes-sortable- themestek-boxes-textalign- themestek-boxes-sortablebutton- themestek-boxes-spacing-default\">\r\n\t\t<div class=\"themestek-boxes-inner themestek-boxes-blog-inner \">\t<div class=\"ts-heading-subheading \"><h2 class=\"ts-custom-heading ts-custom-heading-title\">\r\n\t\t\t\r\n\t\t\t\tLes nostres not\u00edcies\r\n\t\t\t\r\n\t\t\t<\/h2>\r\n\t\t<\/div>\r\n\t\t\t\r\n\t\t\t<div class=\"row multi-columns-row themestek-boxes-row-wrapper\">\r\n\t\t\t\t<div class=\"ts-box-col-wrapper col-lg-6 col-sm-6 col-md-6 col-xs-12 ts-term-70 ts-term-74\"><article class=\"themestek-box themestek-box-blog ts-blogbox-style-2 themestek-blogbox-format-  themestek-box-view-style2 themestek-blog-box-view-left-image themestek-blog-box-lr\">\r\n\t<div class=\"post-item clearfix\">\r\n        <div class=\"col-md-4 col-sm-4 themestek-box-img-left\">\r\n\t\t\t\t\t\t<div class=\"ts-featured-wrapper ts-post-featured-wrapper ts-post-format-\"><img fetchpriority=\"high\" decoding=\"async\" width=\"800\" height=\"740\" src=\"https:\/\/lequia-udg.com\/wp-content\/uploads\/2026\/03\/Tecnic-ALGAESOL-800x740.jpg\" class=\"attachment-themestek-img-800x740 size-themestek-img-800x740 wp-post-image\" alt=\"\" \/><\/div>\t\t<\/div>\r\n        <div class=\"themestek-box-content col-md-8 col-sm-8\">\r\n\t\t\t<div class=\"themestek-box-content-inner\">\r\n\t\t\t\t<div class=\"themestek-box-title\"><h4><a title=\"Oferta de feina: &#8220;T\u00e8cnic de suport a la recerca en bio-processos de microalgues&#8221;\" href=\"https:\/\/lequia-udg.com\/ca\/2026\/03\/30\/oferta-de-feina-tecnic-de-suport-a-la-recerca-en-bio-processos-de-microalgues\/\">Oferta de feina: &#8220;T\u00e8cnic de suport a la recerca en bio-processos de microalgues&#8221;<\/a><\/h4><\/div>\t\t\t\t<div class=\"ts-entry-meta-wrapper\"><div class=\"entry-meta ts-entry-meta ts-entry-meta-blogbox\"><span class=\"ts-meta-line byline\">  <span class=\"author vcard\"><span class=\"screen-reader-text ts-hide\">Author <\/span>By <a title=\"\" class=\"url fn n\" href=\"https:\/\/lequia-udg.com\/ca\/author\/lequia\/\"><\/a><\/span><\/span><span class=\"ts-meta-line posted-on\"><span class=\"screen-reader-text ts-hide\">Posted on <\/span><a href=\"https:\/\/lequia-udg.com\/ca\/2026\/03\/30\/oferta-de-feina-tecnic-de-suport-a-la-recerca-en-bio-processos-de-microalgues\/\" title=\"Posted on\"><time class=\"entry-date published\" datetime=\"2026-03-30T08:57:25+00:00\">mar\u00e7 30, 2026<\/time><time class=\"updated ts-hide\" datetime=\"2026-03-30T09:09:43+00:00\">mar\u00e7 30, 2026<\/time><\/a><\/span><\/div><\/div>\t\t\t\t\r\n\t\t\t\t<div class=\"themestek-box-desc\">\r\n\t\t\t\t\t<div class=\"themestek-box-desc-text\">Investigador principal: Sebasti\u00e0 Puig (sebastia.puig@udg.edu) Lloc de treball: Parc de Recerca i d\u2019Innovaci\u00f3 de la UdG Durada:...<\/div>\r\n\t\t\t\t<\/div>\r\n            <\/div>\r\n        <\/div>\r\n\t<\/div>\r\n<\/article>\r\n<\/div><div class=\"ts-box-col-wrapper col-lg-6 col-sm-6 col-md-6 col-xs-12 ts-term-70 ts-term-74\"><article class=\"themestek-box themestek-box-blog ts-blogbox-style-2 themestek-blogbox-format-  themestek-box-view-style2 themestek-blog-box-view-left-image themestek-blog-box-lr\">\r\n\t<div class=\"post-item clearfix\">\r\n        <div class=\"col-md-4 col-sm-4 themestek-box-img-left\">\r\n\t\t\t\t\t\t<div class=\"ts-featured-wrapper ts-post-featured-wrapper ts-post-format-\"><img decoding=\"async\" width=\"400\" height=\"136\" src=\"https:\/\/lequia-udg.com\/wp-content\/uploads\/2024\/12\/Logo-AIRA-Ramon-Llull-400x136-1.png\" class=\"attachment-themestek-img-800x740 size-themestek-img-800x740 wp-post-image\" alt=\"\" \/><\/div>\t\t<\/div>\r\n        <div class=\"themestek-box-content col-md-8 col-sm-8\">\r\n\t\t\t<div class=\"themestek-box-content-inner\">\r\n\t\t\t\t<div class=\"themestek-box-title\"><h4><a title=\"MSCA Postdoctoral fellowship offer: Development and Implementation of EDSS for a Sustainable Management of the Urban Water Cycle\" href=\"https:\/\/lequia-udg.com\/ca\/2026\/03\/10\/msca-postdoctoral-fellowship-offer-development-and-implementation-of-edss-for-a-sustainable-management-of-the-urban-water-cycle\/\">MSCA Postdoctoral fellowship offer: Development and Implementation of EDSS for a Sustainable Management of the Urban Water Cycle<\/a><\/h4><\/div>\t\t\t\t<div class=\"ts-entry-meta-wrapper\"><div class=\"entry-meta ts-entry-meta ts-entry-meta-blogbox\"><span class=\"ts-meta-line byline\">  <span class=\"author vcard\"><span class=\"screen-reader-text ts-hide\">Author <\/span>By <a title=\"\" class=\"url fn n\" href=\"https:\/\/lequia-udg.com\/ca\/author\/lequia\/\"><\/a><\/span><\/span><span class=\"ts-meta-line posted-on\"><span class=\"screen-reader-text ts-hide\">Posted on <\/span><a href=\"https:\/\/lequia-udg.com\/ca\/2026\/03\/10\/msca-postdoctoral-fellowship-offer-development-and-implementation-of-edss-for-a-sustainable-management-of-the-urban-water-cycle\/\" title=\"Posted on\"><time class=\"entry-date published\" datetime=\"2026-03-10T08:47:46+00:00\">mar\u00e7 10, 2026<\/time><time class=\"updated ts-hide\" datetime=\"2026-03-10T10:01:46+00:00\">mar\u00e7 10, 2026<\/time><\/a><\/span><\/div><\/div>\t\t\t\t\r\n\t\t\t\t<div class=\"themestek-box-desc\">\r\n\t\t\t\t\t<div class=\"themestek-box-desc-text\">Date: 10-03-2026...<\/div>\r\n\t\t\t\t<\/div>\r\n            <\/div>\r\n        <\/div>\r\n\t<\/div>\r\n<\/article>\r\n<\/div><div class=\"ts-box-col-wrapper col-lg-6 col-sm-6 col-md-6 col-xs-12 ts-term-70\"><article class=\"themestek-box themestek-box-blog ts-blogbox-style-2 themestek-blogbox-format-  themestek-box-view-style2 themestek-blog-box-view-left-image themestek-blog-box-lr\">\r\n\t<div class=\"post-item clearfix\">\r\n        <div class=\"col-md-4 col-sm-4 themestek-box-img-left\">\r\n\t\t\t\t\t\t<div class=\"ts-featured-wrapper ts-post-featured-wrapper ts-post-format-\"><img decoding=\"async\" width=\"800\" height=\"590\" src=\"https:\/\/lequia-udg.com\/wp-content\/uploads\/2023\/11\/Dr-Sebastia-Puig-Broch-800x590.jpg\" class=\"attachment-themestek-img-800x740 size-themestek-img-800x740 wp-post-image\" alt=\"\" \/><\/div>\t\t<\/div>\r\n        <div class=\"themestek-box-content col-md-8 col-sm-8\">\r\n\t\t\t<div class=\"themestek-box-content-inner\">\r\n\t\t\t\t<div class=\"themestek-box-title\"><h4><a title=\"Sebasti\u00e0 Puig, nou director del LEQUIA\" href=\"https:\/\/lequia-udg.com\/ca\/2026\/03\/06\/sebastia-puig-nou-director-del-lequia\/\">Sebasti\u00e0 Puig, nou director del LEQUIA<\/a><\/h4><\/div>\t\t\t\t<div class=\"ts-entry-meta-wrapper\"><div class=\"entry-meta ts-entry-meta ts-entry-meta-blogbox\"><span class=\"ts-meta-line byline\">  <span class=\"author vcard\"><span class=\"screen-reader-text ts-hide\">Author <\/span>By <a title=\"\" class=\"url fn n\" href=\"https:\/\/lequia-udg.com\/ca\/author\/lequia\/\"><\/a><\/span><\/span><span class=\"ts-meta-line posted-on\"><span class=\"screen-reader-text ts-hide\">Posted on <\/span><a href=\"https:\/\/lequia-udg.com\/ca\/2026\/03\/06\/sebastia-puig-nou-director-del-lequia\/\" title=\"Posted on\"><time class=\"entry-date published\" datetime=\"2026-03-06T08:36:02+00:00\">mar\u00e7 6, 2026<\/time><time class=\"updated ts-hide\" datetime=\"2026-03-06T08:48:45+00:00\">mar\u00e7 6, 2026<\/time><\/a><\/span><\/div><\/div>\t\t\t\t\r\n\t\t\t\t<div class=\"themestek-box-desc\">\r\n\t\t\t\t\t<div class=\"themestek-box-desc-text\">Data: 06-03-2026...<\/div>\r\n\t\t\t\t<\/div>\r\n            <\/div>\r\n        <\/div>\r\n\t<\/div>\r\n<\/article>\r\n<\/div><div class=\"ts-box-col-wrapper col-lg-6 col-sm-6 col-md-6 col-xs-12 ts-term-69 ts-term-70 ts-term-31\"><article class=\"themestek-box themestek-box-blog ts-blogbox-style-2 themestek-blogbox-format-  themestek-box-view-style2 themestek-blog-box-view-left-image themestek-blog-box-lr\">\r\n\t<div class=\"post-item clearfix\">\r\n        <div class=\"col-md-4 col-sm-4 themestek-box-img-left\">\r\n\t\t\t\t\t\t<div class=\"ts-featured-wrapper ts-post-featured-wrapper ts-post-format-\"><img loading=\"lazy\" decoding=\"async\" width=\"800\" height=\"740\" src=\"https:\/\/lequia-udg.com\/wp-content\/uploads\/2026\/03\/Flyer_Fira_4YFN_MWC_2026_1_Pagina_2-800x740.jpg\" class=\"attachment-themestek-img-800x740 size-themestek-img-800x740 wp-post-image\" alt=\"\" \/><\/div>\t\t<\/div>\r\n        <div class=\"themestek-box-content col-md-8 col-sm-8\">\r\n\t\t\t<div class=\"themestek-box-content-inner\">\r\n\t\t\t\t<div class=\"themestek-box-title\"><h4><a title=\"LEQUIA will be at 4YFN26 event of Mobile World Congress in Barcelona\" href=\"https:\/\/lequia-udg.com\/ca\/2026\/03\/01\/lequia-will-be-at-4yfn26-event-of-mobile-world-congress-in-barcelona\/\">LEQUIA will be at 4YFN26 event of Mobile World Congress in Barcelona<\/a><\/h4><\/div>\t\t\t\t<div class=\"ts-entry-meta-wrapper\"><div class=\"entry-meta ts-entry-meta ts-entry-meta-blogbox\"><span class=\"ts-meta-line byline\">  <span class=\"author vcard\"><span class=\"screen-reader-text ts-hide\">Author <\/span>By <a title=\"\" class=\"url fn n\" href=\"https:\/\/lequia-udg.com\/ca\/author\/lequia\/\"><\/a><\/span><\/span><span class=\"ts-meta-line posted-on\"><span class=\"screen-reader-text ts-hide\">Posted on <\/span><a href=\"https:\/\/lequia-udg.com\/ca\/2026\/03\/01\/lequia-will-be-at-4yfn26-event-of-mobile-world-congress-in-barcelona\/\" title=\"Posted on\"><time class=\"entry-date published\" datetime=\"2026-03-01T18:39:16+00:00\">mar\u00e7 1, 2026<\/time><time class=\"updated ts-hide\" datetime=\"2026-03-01T18:50:50+00:00\">mar\u00e7 1, 2026<\/time><\/a><\/span><\/div><\/div>\t\t\t\t\r\n\t\t\t\t<div class=\"themestek-box-desc\">\r\n\t\t\t\t\t<div class=\"themestek-box-desc-text\">Date: 02-03-2026...<\/div>\r\n\t\t\t\t<\/div>\r\n            <\/div>\r\n        <\/div>\r\n\t<\/div>\r\n<\/article>\r\n<\/div><div class=\"ts-box-col-wrapper col-lg-6 col-sm-6 col-md-6 col-xs-12 ts-term-69 ts-term-70\"><article class=\"themestek-box themestek-box-blog ts-blogbox-style-2 themestek-blogbox-format-  themestek-box-view-style2 themestek-blog-box-view-left-image themestek-blog-box-lr\">\r\n\t<div class=\"post-item clearfix\">\r\n        <div class=\"col-md-4 col-sm-4 themestek-box-img-left\">\r\n\t\t\t\t\t\t<div class=\"ts-featured-wrapper ts-post-featured-wrapper ts-post-format-\"><img loading=\"lazy\" decoding=\"async\" width=\"800\" height=\"740\" src=\"https:\/\/lequia-udg.com\/wp-content\/uploads\/2026\/02\/Laura-Ferrandez_tesis_lfg-800x740.jpeg\" class=\"attachment-themestek-img-800x740 size-themestek-img-800x740 wp-post-image\" alt=\"\" \/><\/div>\t\t<\/div>\r\n        <div class=\"themestek-box-content col-md-8 col-sm-8\">\r\n\t\t\t<div class=\"themestek-box-content-inner\">\r\n\t\t\t\t<div class=\"themestek-box-title\"><h4><a title=\"Defensa de tesi doctoral &#8220;Towards the integrated operation of advanced technologies in the Figueres Drinking Water Treatment Plant&#8221;, de Laura Ferr\u00e0ndez Galceran\" href=\"https:\/\/lequia-udg.com\/ca\/2026\/02\/17\/defensa-de-tesi-doctoral-towards-the-integrated-operation-of-advanced-technologies-in-the-figueres-drinking-water-treatment-plant-de-laura-ferrandez-galceran\/\">Defensa de tesi doctoral &#8220;Towards the integrated operation of advanced technologies in the Figueres Drinking Water Treatment Plant&#8221;, de Laura Ferr\u00e0ndez Galceran<\/a><\/h4><\/div>\t\t\t\t<div class=\"ts-entry-meta-wrapper\"><div class=\"entry-meta ts-entry-meta ts-entry-meta-blogbox\"><span class=\"ts-meta-line byline\">  <span class=\"author vcard\"><span class=\"screen-reader-text ts-hide\">Author <\/span>By <a title=\"\" class=\"url fn n\" href=\"https:\/\/lequia-udg.com\/ca\/author\/lequia\/\"><\/a><\/span><\/span><span class=\"ts-meta-line posted-on\"><span class=\"screen-reader-text ts-hide\">Posted on <\/span><a href=\"https:\/\/lequia-udg.com\/ca\/2026\/02\/17\/defensa-de-tesi-doctoral-towards-the-integrated-operation-of-advanced-technologies-in-the-figueres-drinking-water-treatment-plant-de-laura-ferrandez-galceran\/\" title=\"Posted on\"><time class=\"entry-date published\" datetime=\"2026-02-17T08:27:42+00:00\">febrer 17, 2026<\/time><time class=\"updated ts-hide\" datetime=\"2026-02-17T08:34:20+00:00\">febrer 17, 2026<\/time><\/a><\/span><\/div><\/div>\t\t\t\t\r\n\t\t\t\t<div class=\"themestek-box-desc\">\r\n\t\t\t\t\t<div class=\"themestek-box-desc-text\">Data: 13-03-2026...<\/div>\r\n\t\t\t\t<\/div>\r\n            <\/div>\r\n        <\/div>\r\n\t<\/div>\r\n<\/article>\r\n<\/div><div class=\"ts-box-col-wrapper col-lg-6 col-sm-6 col-md-6 col-xs-12 ts-term-70\"><article class=\"themestek-box themestek-box-blog ts-blogbox-style-2 themestek-blogbox-format-  themestek-box-view-style2 themestek-blog-box-view-left-image themestek-blog-box-lr\">\r\n\t<div class=\"post-item clearfix\">\r\n        <div class=\"col-md-4 col-sm-4 themestek-box-img-left\">\r\n\t\t\t\t\t\t<div class=\"ts-featured-wrapper ts-post-featured-wrapper ts-post-format-\"><img loading=\"lazy\" decoding=\"async\" width=\"800\" height=\"590\" src=\"https:\/\/lequia-udg.com\/wp-content\/uploads\/2023\/11\/Dr-Hector-Monclus-Sales-800x590.jpg\" class=\"attachment-themestek-img-800x740 size-themestek-img-800x740 wp-post-image\" alt=\"\" \/><\/div>\t\t<\/div>\r\n        <div class=\"themestek-box-content col-md-8 col-sm-8\">\r\n\t\t\t<div class=\"themestek-box-content-inner\">\r\n\t\t\t\t<div class=\"themestek-box-title\"><h4><a title=\"H\u00e8ctor Moncl\u00fas guanya una pla\u00e7a de professor titular d\u2019enginyeria qu\u00edmica a la UdG\" href=\"https:\/\/lequia-udg.com\/ca\/2026\/02\/05\/hector-monclus-guanya-una-placa-de-professor-titular-denginyeria-quimica-a-la-udg\/\">H\u00e8ctor Moncl\u00fas guanya una pla\u00e7a de professor titular d\u2019enginyeria qu\u00edmica a la UdG<\/a><\/h4><\/div>\t\t\t\t<div class=\"ts-entry-meta-wrapper\"><div class=\"entry-meta ts-entry-meta ts-entry-meta-blogbox\"><span class=\"ts-meta-line byline\">  <span class=\"author vcard\"><span class=\"screen-reader-text ts-hide\">Author <\/span>By <a title=\"\" class=\"url fn n\" href=\"https:\/\/lequia-udg.com\/ca\/author\/lequia\/\"><\/a><\/span><\/span><span class=\"ts-meta-line posted-on\"><span class=\"screen-reader-text ts-hide\">Posted on <\/span><a href=\"https:\/\/lequia-udg.com\/ca\/2026\/02\/05\/hector-monclus-guanya-una-placa-de-professor-titular-denginyeria-quimica-a-la-udg\/\" title=\"Posted on\"><time class=\"entry-date published\" datetime=\"2026-02-05T09:58:05+00:00\">febrer 5, 2026<\/time><time class=\"updated ts-hide\" datetime=\"2026-02-23T08:07:15+00:00\">febrer 23, 2026<\/time><\/a><\/span><\/div><\/div>\t\t\t\t\r\n\t\t\t\t<div class=\"themestek-box-desc\">\r\n\t\t\t\t\t<div class=\"themestek-box-desc-text\">Data: 6-2-2026...<\/div>\r\n\t\t\t\t<\/div>\r\n            <\/div>\r\n        <\/div>\r\n\t<\/div>\r\n<\/article>\r\n<\/div><div class=\"ts-box-col-wrapper col-lg-6 col-sm-6 col-md-6 col-xs-12 ts-term-69 ts-term-70\"><article class=\"themestek-box themestek-box-blog ts-blogbox-style-2 themestek-blogbox-format-  themestek-box-view-style2 themestek-blog-box-view-left-image themestek-blog-box-lr\">\r\n\t<div class=\"post-item clearfix\">\r\n        <div class=\"col-md-4 col-sm-4 themestek-box-img-left\">\r\n\t\t\t\t\t\t<div class=\"ts-featured-wrapper ts-post-featured-wrapper ts-post-format-\"><img loading=\"lazy\" decoding=\"async\" width=\"800\" height=\"740\" src=\"https:\/\/lequia-udg.com\/wp-content\/uploads\/2026\/01\/Tesi-Yarima-800x740.jpeg\" class=\"attachment-themestek-img-800x740 size-themestek-img-800x740 wp-post-image\" alt=\"\" \/><\/div>\t\t<\/div>\r\n        <div class=\"themestek-box-content col-md-8 col-sm-8\">\r\n\t\t\t<div class=\"themestek-box-content-inner\">\r\n\t\t\t\t<div class=\"themestek-box-title\"><h4><a title=\"Defensa de tesi doctoral &#8220;Nature-based solutions to address water challenges in the Andean region: a mixed-methods approach&#8221;, de Yarima Recalde Aza\" href=\"https:\/\/lequia-udg.com\/ca\/2026\/01\/07\/defensa-de-tesi-doctoral-nature-based-solutions-to-address-water-challenges-in-the-andean-region-a-mixed-methods-approach-de-yarima-recalde-aza\/\">Defensa de tesi doctoral &#8220;Nature-based solutions to address water challenges in the Andean region: a mixed-methods approach&#8221;, de Yarima Recalde Aza<\/a><\/h4><\/div>\t\t\t\t<div class=\"ts-entry-meta-wrapper\"><div class=\"entry-meta ts-entry-meta ts-entry-meta-blogbox\"><span class=\"ts-meta-line byline\">  <span class=\"author vcard\"><span class=\"screen-reader-text ts-hide\">Author <\/span>By <a title=\"\" class=\"url fn n\" href=\"https:\/\/lequia-udg.com\/ca\/author\/lequia\/\"><\/a><\/span><\/span><span class=\"ts-meta-line posted-on\"><span class=\"screen-reader-text ts-hide\">Posted on <\/span><a href=\"https:\/\/lequia-udg.com\/ca\/2026\/01\/07\/defensa-de-tesi-doctoral-nature-based-solutions-to-address-water-challenges-in-the-andean-region-a-mixed-methods-approach-de-yarima-recalde-aza\/\" title=\"Posted on\"><time class=\"entry-date published\" datetime=\"2026-01-07T08:57:35+00:00\">gener 7, 2026<\/time><time class=\"updated ts-hide\" datetime=\"2026-01-13T11:15:05+00:00\">gener 13, 2026<\/time><\/a><\/span><\/div><\/div>\t\t\t\t\r\n\t\t\t\t<div class=\"themestek-box-desc\">\r\n\t\t\t\t\t<div class=\"themestek-box-desc-text\">Data: 28-01-2026...<\/div>\r\n\t\t\t\t<\/div>\r\n            <\/div>\r\n        <\/div>\r\n\t<\/div>\r\n<\/article>\r\n<\/div><div class=\"ts-box-col-wrapper col-lg-6 col-sm-6 col-md-6 col-xs-12 ts-term-69 ts-term-70\"><article class=\"themestek-box themestek-box-blog ts-blogbox-style-2 themestek-blogbox-format-  themestek-box-view-style2 themestek-blog-box-view-left-image themestek-blog-box-lr\">\r\n\t<div class=\"post-item clearfix\">\r\n        <div class=\"col-md-4 col-sm-4 themestek-box-img-left\">\r\n\t\t\t\t\t\t<div class=\"ts-featured-wrapper ts-post-featured-wrapper ts-post-format-\"><img loading=\"lazy\" decoding=\"async\" width=\"800\" height=\"699\" src=\"https:\/\/lequia-udg.com\/wp-content\/uploads\/2025\/12\/Imagen-tesis-Carla-Vazquez-800x699.jpg\" class=\"attachment-themestek-img-800x740 size-themestek-img-800x740 wp-post-image\" alt=\"\" \/><\/div>\t\t<\/div>\r\n        <div class=\"themestek-box-content col-md-8 col-sm-8\">\r\n\t\t\t<div class=\"themestek-box-content-inner\">\r\n\t\t\t\t<div class=\"themestek-box-title\"><h4><a title=\"Defensa de tesi doctoral &#8220;Development of an integrated CFD and biokinetic model of a full-scale oxidation ditch: a case study of La Almunia WWTP&#8221;, de Carla V\u00e1zquez\" href=\"https:\/\/lequia-udg.com\/ca\/2025\/12\/22\/defensa-de-tesi-doctoral-development-of-an-integrated-cfd-and-biokinetic-model-of-a-full-scale-oxidation-ditch-a-case-study-of-la-almunia-wwtp-de-carla-vazquez\/\">Defensa de tesi doctoral &#8220;Development of an integrated CFD and biokinetic model of a full-scale oxidation ditch: a case study of La Almunia WWTP&#8221;, de Carla V\u00e1zquez<\/a><\/h4><\/div>\t\t\t\t<div class=\"ts-entry-meta-wrapper\"><div class=\"entry-meta ts-entry-meta ts-entry-meta-blogbox\"><span class=\"ts-meta-line byline\">  <span class=\"author vcard\"><span class=\"screen-reader-text ts-hide\">Author <\/span>By <a title=\"\" class=\"url fn n\" href=\"https:\/\/lequia-udg.com\/ca\/author\/lequia\/\"><\/a><\/span><\/span><span class=\"ts-meta-line posted-on\"><span class=\"screen-reader-text ts-hide\">Posted on <\/span><a href=\"https:\/\/lequia-udg.com\/ca\/2025\/12\/22\/defensa-de-tesi-doctoral-development-of-an-integrated-cfd-and-biokinetic-model-of-a-full-scale-oxidation-ditch-a-case-study-of-la-almunia-wwtp-de-carla-vazquez\/\" title=\"Posted on\"><time class=\"entry-date published\" datetime=\"2025-12-22T11:33:11+00:00\">desembre 22, 2025<\/time><time class=\"updated ts-hide\" datetime=\"2025-12-22T10:39:49+00:00\">desembre 22, 2025<\/time><\/a><\/span><\/div><\/div>\t\t\t\t\r\n\t\t\t\t<div class=\"themestek-box-desc\">\r\n\t\t\t\t\t<div class=\"themestek-box-desc-text\">Data: 21-01-2026...<\/div>\r\n\t\t\t\t<\/div>\r\n            <\/div>\r\n        <\/div>\r\n\t<\/div>\r\n<\/article>\r\n<\/div>\r\n\t\t\t<\/div>\r\n\t\t<div class=\"clearfix\"><\/div><div class=\"themestek-pagination\"><span class=\"page-numbers current\">1<\/span>\n<a class=\"page-numbers\" href=\"https:\/\/lequia-udg.com\/ca\/wp-json\/wp\/v2\/pages\/10925\/page\/2\/\">2<\/a>\n<a class=\"page-numbers\" href=\"https:\/\/lequia-udg.com\/ca\/wp-json\/wp\/v2\/pages\/10925\/page\/3\/\">3<\/a>\n<span class=\"page-numbers dots\">&hellip;<\/span>\n<a class=\"page-numbers\" href=\"https:\/\/lequia-udg.com\/ca\/wp-json\/wp\/v2\/pages\/10925\/page\/6\/\">6<\/a>\n<a class=\"next page-numbers\" href=\"https:\/\/lequia-udg.com\/ca\/wp-json\/wp\/v2\/pages\/10925\/page\/2\/\"><span class=\"ts-hide ts-pagination-text ts-pagination-text-next\">Next page<\/span> <i class=\"ts-labtechco-icon-arrow-right\"><\/i><\/a><\/div><!-- .themestek-pagination --><\/div><!-- .themestek-boxes-inner -->   <\/div><!-- .themestek-boxes -->  \t\t\t\t<\/div>\n\t\t\t\t<\/div>\n\t\t\t\t\t<\/div>\n\t\t<\/div>\n\t\t\t\t\t<\/div>\n\t\t<\/section>\n\t\t\t\t<\/div>\n\t\t","protected":false},"excerpt":{"rendered":"<p>Les nostres not\u00edcies<\/p>\n","protected":false},"author":1,"featured_media":0,"parent":0,"menu_order":0,"comment_status":"closed","ping_status":"closed","template":"","meta":{"footnotes":""},"class_list":["post-10925","page","type-page","status-publish","hentry"],"_links":{"self":[{"href":"https:\/\/lequia-udg.com\/ca\/wp-json\/wp\/v2\/pages\/10925","targetHints":{"allow":["GET"]}}],"collection":[{"href":"https:\/\/lequia-udg.com\/ca\/wp-json\/wp\/v2\/pages"}],"about":[{"href":"https:\/\/lequia-udg.com\/ca\/wp-json\/wp\/v2\/types\/page"}],"author":[{"embeddable":true,"href":"https:\/\/lequia-udg.com\/ca\/wp-json\/wp\/v2\/users\/1"}],"replies":[{"embeddable":true,"href":"https:\/\/lequia-udg.com\/ca\/wp-json\/wp\/v2\/comments?post=10925"}],"version-history":[{"count":7,"href":"https:\/\/lequia-udg.com\/ca\/wp-json\/wp\/v2\/pages\/10925\/revisions"}],"predecessor-version":[{"id":11131,"href":"https:\/\/lequia-udg.com\/ca\/wp-json\/wp\/v2\/pages\/10925\/revisions\/11131"}],"wp:attachment":[{"href":"https:\/\/lequia-udg.com\/ca\/wp-json\/wp\/v2\/media?parent=10925"}],"curies":[{"name":"wp","href":"https:\/\/api.w.org\/{rel}","templated":true}]}}