{"id":10943,"date":"2024-01-17T15:52:03","date_gmt":"2024-01-17T15:52:03","guid":{"rendered":"http:\/\/lequia-udg.com\/transferencia-de-tecnologia\/"},"modified":"2024-07-12T09:29:06","modified_gmt":"2024-07-12T09:29:06","slug":"transferencia-de-tecnologia","status":"publish","type":"page","link":"https:\/\/lequia-udg.com\/ca\/transferencia-de-tecnologia\/","title":{"rendered":"Transfer\u00e8ncia de tecnologia"},"content":{"rendered":"\t\t<div data-elementor-type=\"wp-page\" data-elementor-id=\"10943\" class=\"elementor elementor-10943 elementor-3174\" data-elementor-post-type=\"page\">\n\t\t\t\t\t\t<section class=\"elementor-section elementor-top-section elementor-element elementor-element-dd5ba25 ts-col-stretched-none ts-bg-color-over-image elementor-section-boxed elementor-section-height-default elementor-section-height-default\" data-id=\"dd5ba25\" data-element_type=\"section\">\n\t\t\t\t\t\t<div class=\"elementor-container elementor-column-gap-default\">\n\t\t\t\t\t<div class=\"elementor-column elementor-col-100 elementor-top-column elementor-element elementor-element-a64f2b3 ts-bg-color-over-image\" data-id=\"a64f2b3\" data-element_type=\"column\">\n\t\t\t<div class=\"elementor-widget-wrap elementor-element-populated\">\n\t\t\t\t\t\t<div class=\"elementor-element elementor-element-abbdd24 elementor-widget elementor-widget-ts_blog_element\" data-id=\"abbdd24\" data-element_type=\"widget\" data-widget_type=\"ts_blog_element.default\">\n\t\t\t\t<div class=\"elementor-widget-container\">\n\t\t\t\t\t<div class=\"themestek-boxes themestek-boxes-blog themestek-boxes-element-blog-style-9 themestek-boxes-view-default themestek-boxes-col-three themestek-boxes-sortable- themestek-boxes-textalign- themestek-boxes-sortablebutton- themestek-boxes-spacing-default\">\r\n\t\t<div class=\"themestek-boxes-inner themestek-boxes-blog-inner \">\t<div class=\"ts-heading-subheading \"><h2 class=\"ts-custom-heading ts-custom-heading-title\">\r\n\t\t\t\r\n\t\t\t\tTransfer\u00e8ncia de tecnologia\r\n\t\t\t\r\n\t\t\t<\/h2>\r\n\t\t<\/div>\r\n\t\t\t\r\n\t\t\t<div class=\"row multi-columns-row themestek-boxes-row-wrapper\">\r\n\t\t\t\t<div class=\"ts-box-col-wrapper col-lg-4 col-sm-6 col-md-4 col-xs-12 ts-term-72\"><article class=\"themestek-box themestek-box-blog ts-blogbox-style-9 themestek-box-style9 ts-hover-style-3 themestek-blogbox-format- \">\r\n\t<div class=\"post-item\">\r\n\t\t\r\n\t\t<div class=\"ts-blog-image-with-meta\">\r\n\t\t\t<div class=\"ts-featured-wrapper ts-post-featured-wrapper ts-post-format-\"><img fetchpriority=\"high\" decoding=\"async\" width=\"885\" height=\"664\" src=\"https:\/\/lequia-udg.com\/wp-content\/uploads\/2024\/03\/Ecomemb_Recycling_of_RO_membranes.jpg\" class=\"attachment-themestek-img-800x700 size-themestek-img-800x700 wp-post-image\" alt=\"\" \/><\/div>\t\t<\/div>\r\n\t\t\r\n\t\t<div class=\"themestek-box-content\">\r\n\t\t\t<div class=\"ts-entry-meta-wrapper\"><div class=\"entry-meta ts-entry-meta ts-entry-meta-blogbox\"><span class=\"ts-meta-line byline\">  <span class=\"author vcard\"><span class=\"screen-reader-text ts-hide\">Author <\/span>By <a title=\"\" class=\"url fn n\" href=\"https:\/\/lequia-udg.com\/ca\/author\/lequia\/\"><\/a><\/span><\/span><span class=\"ts-meta-line posted-on\"><span class=\"screen-reader-text ts-hide\">Posted on <\/span><a href=\"https:\/\/lequia-udg.com\/ca\/2024\/03\/05\/cataleg-de-serveis\/\" title=\"Posted on\"><time class=\"entry-date published\" datetime=\"2024-03-05T19:22:16+00:00\">mar\u00e7 5, 2024<\/time><time class=\"updated ts-hide\" datetime=\"2024-11-19T08:36:12+00:00\">novembre 19, 2024<\/time><\/a><\/span><\/div><\/div>\t\t\t\t\t\t\t<span class=\"ts-meta-line cat-links\"><span class=\"screen-reader-text ts-hide\">Categories <\/span><a href=\"https:\/\/lequia-udg.com\/ca\/category\/technology-transfer-ca\/\">Transfer\u00e8ncia de tecnologia<\/a><\/span>\r\n\t\t\t\t\t\t<div class=\"themestek-box-title\"><h4><a title=\"Cat\u00e0leg de serveis\" href=\"https:\/\/lequia-udg.com\/ca\/2024\/03\/05\/cataleg-de-serveis\/\">Cat\u00e0leg de serveis<\/a><\/h4><\/div>\r\n\t\t\t<div class=\"ts-bottom-meta-wrapper clearfix\">\r\n\t\t\t\t<div class=\"pull-left\">\r\n\t\t\t\t\t<div class=\"themestek-blogbox-footer-left\"><a title=\"Read More\" href=\"https:\/\/lequia-udg.com\/ca\/2024\/03\/05\/cataleg-de-serveis\/\">Read More<\/a><\/div>\t\t\t\t<\/div>\r\n\t\t\t<\/div>\r\n\t\t<\/div>\r\n\t<\/div>\r\n<\/article><\/div><div class=\"ts-box-col-wrapper col-lg-4 col-sm-6 col-md-4 col-xs-12 ts-term-72\"><article class=\"themestek-box themestek-box-blog ts-blogbox-style-9 themestek-box-style9 ts-hover-style-3 themestek-blogbox-format- \">\r\n\t<div class=\"post-item\">\r\n\t\t\r\n\t\t<div class=\"ts-blog-image-with-meta\">\r\n\t\t\t<div class=\"ts-featured-wrapper ts-post-featured-wrapper ts-post-format-\"><img decoding=\"async\" width=\"687\" height=\"548\" src=\"https:\/\/lequia-udg.com\/wp-content\/uploads\/2024\/01\/DrinkIA-PC.jpg\" class=\"attachment-themestek-img-800x700 size-themestek-img-800x700 wp-post-image\" alt=\"\" \/><\/div>\t\t<\/div>\r\n\t\t\r\n\t\t<div class=\"themestek-box-content\">\r\n\t\t\t<div class=\"ts-entry-meta-wrapper\"><div class=\"entry-meta ts-entry-meta ts-entry-meta-blogbox\"><span class=\"ts-meta-line byline\">  <span class=\"author vcard\"><span class=\"screen-reader-text ts-hide\">Author <\/span>By <a title=\"\" class=\"url fn n\" href=\"https:\/\/lequia-udg.com\/ca\/author\/lequia\/\"><\/a><\/span><\/span><span class=\"ts-meta-line posted-on\"><span class=\"screen-reader-text ts-hide\">Posted on <\/span><a href=\"https:\/\/lequia-udg.com\/ca\/2024\/01\/17\/drinkia-digitaltwin\/\" title=\"Posted on\"><time class=\"entry-date published\" datetime=\"2024-01-17T17:09:57+00:00\">gener 17, 2024<\/time><time class=\"updated ts-hide\" datetime=\"2026-01-28T13:55:17+00:00\">gener 28, 2026<\/time><\/a><\/span><\/div><\/div>\t\t\t\t\t\t\t<span class=\"ts-meta-line cat-links\"><span class=\"screen-reader-text ts-hide\">Categories <\/span><a href=\"https:\/\/lequia-udg.com\/ca\/category\/technology-transfer-ca\/\">Transfer\u00e8ncia de tecnologia<\/a><\/span>\r\n\t\t\t\t\t\t<div class=\"themestek-box-title\"><h4><a title=\"Tecnologia Digital Twin per optimitzar l&#8217;operaci\u00f3 de les estacions de tractament d&#8217;aigua potable\" href=\"https:\/\/lequia-udg.com\/ca\/2024\/01\/17\/drinkia-digitaltwin\/\">Tecnologia Digital Twin per optimitzar l&#8217;operaci\u00f3 de les estacions de tractament d&#8217;aigua potable<\/a><\/h4><\/div>\r\n\t\t\t<div class=\"ts-bottom-meta-wrapper clearfix\">\r\n\t\t\t\t<div class=\"pull-left\">\r\n\t\t\t\t\t<div class=\"themestek-blogbox-footer-left\"><a title=\"Read More\" href=\"https:\/\/lequia-udg.com\/ca\/2024\/01\/17\/drinkia-digitaltwin\/\">Read More<\/a><\/div>\t\t\t\t<\/div>\r\n\t\t\t<\/div>\r\n\t\t<\/div>\r\n\t<\/div>\r\n<\/article><\/div><div class=\"ts-box-col-wrapper col-lg-4 col-sm-6 col-md-4 col-xs-12 ts-term-72\"><article class=\"themestek-box themestek-box-blog ts-blogbox-style-9 themestek-box-style9 ts-hover-style-3 themestek-blogbox-format- \">\r\n\t<div class=\"post-item\">\r\n\t\t\r\n\t\t<div class=\"ts-blog-image-with-meta\">\r\n\t\t\t<div class=\"ts-featured-wrapper ts-post-featured-wrapper ts-post-format-\"><img decoding=\"async\" width=\"598\" height=\"393\" src=\"https:\/\/lequia-udg.com\/wp-content\/uploads\/2024\/07\/La-fuerza-del-mar.jpg\" class=\"attachment-themestek-img-800x700 size-themestek-img-800x700 wp-post-image\" alt=\"\" \/><\/div>\t\t<\/div>\r\n\t\t\r\n\t\t<div class=\"themestek-box-content\">\r\n\t\t\t<div class=\"ts-entry-meta-wrapper\"><div class=\"entry-meta ts-entry-meta ts-entry-meta-blogbox\"><span class=\"ts-meta-line byline\">  <span class=\"author vcard\"><span class=\"screen-reader-text ts-hide\">Author <\/span>By <a title=\"\" class=\"url fn n\" href=\"https:\/\/lequia-udg.com\/ca\/author\/lequia\/\"><\/a><\/span><\/span><span class=\"ts-meta-line posted-on\"><span class=\"screen-reader-text ts-hide\">Posted on <\/span><a href=\"https:\/\/lequia-udg.com\/ca\/2024\/07\/11\/xarxa-bluenetcat\/\" title=\"Posted on\"><time class=\"entry-date published\" datetime=\"2024-07-11T14:13:37+00:00\">juliol 11, 2024<\/time><time class=\"updated ts-hide\" datetime=\"2024-07-12T09:26:11+00:00\">juliol 12, 2024<\/time><\/a><\/span><\/div><\/div>\t\t\t\t\t\t\t<span class=\"ts-meta-line cat-links\"><span class=\"screen-reader-text ts-hide\">Categories <\/span><a href=\"https:\/\/lequia-udg.com\/ca\/category\/technology-transfer-ca\/\">Transfer\u00e8ncia de tecnologia<\/a><\/span>\r\n\t\t\t\t\t\t<div class=\"themestek-box-title\"><h4><a title=\"Xarxa BlueNetCat\" href=\"https:\/\/lequia-udg.com\/ca\/2024\/07\/11\/xarxa-bluenetcat\/\">Xarxa BlueNetCat<\/a><\/h4><\/div>\r\n\t\t\t<div class=\"ts-bottom-meta-wrapper clearfix\">\r\n\t\t\t\t<div class=\"pull-left\">\r\n\t\t\t\t\t<div class=\"themestek-blogbox-footer-left\"><a title=\"Read More\" href=\"https:\/\/lequia-udg.com\/ca\/2024\/07\/11\/xarxa-bluenetcat\/\">Read More<\/a><\/div>\t\t\t\t<\/div>\r\n\t\t\t<\/div>\r\n\t\t<\/div>\r\n\t<\/div>\r\n<\/article><\/div><div class=\"ts-box-col-wrapper col-lg-4 col-sm-6 col-md-4 col-xs-12 ts-term-72\"><article class=\"themestek-box themestek-box-blog ts-blogbox-style-9 themestek-box-style9 ts-hover-style-3 themestek-blogbox-format- \">\r\n\t<div class=\"post-item\">\r\n\t\t\r\n\t\t<div class=\"ts-blog-image-with-meta\">\r\n\t\t\t<div class=\"ts-featured-wrapper ts-post-featured-wrapper ts-post-format-\"><img loading=\"lazy\" decoding=\"async\" width=\"800\" height=\"534\" src=\"https:\/\/lequia-udg.com\/wp-content\/uploads\/2024\/07\/Xarxa_RDI-IA_002-800x534-1.jpg\" class=\"attachment-themestek-img-800x700 size-themestek-img-800x700 wp-post-image\" alt=\"\" \/><\/div>\t\t<\/div>\r\n\t\t\r\n\t\t<div class=\"themestek-box-content\">\r\n\t\t\t<div class=\"ts-entry-meta-wrapper\"><div class=\"entry-meta ts-entry-meta ts-entry-meta-blogbox\"><span class=\"ts-meta-line byline\">  <span class=\"author vcard\"><span class=\"screen-reader-text ts-hide\">Author <\/span>By <a title=\"\" class=\"url fn n\" href=\"https:\/\/lequia-udg.com\/ca\/author\/lequia\/\"><\/a><\/span><\/span><span class=\"ts-meta-line posted-on\"><span class=\"screen-reader-text ts-hide\">Posted on <\/span><a href=\"https:\/\/lequia-udg.com\/ca\/2024\/07\/12\/xarxa-rdi-ia\/\" title=\"Posted on\"><time class=\"entry-date published\" datetime=\"2024-07-12T07:50:54+00:00\">juliol 12, 2024<\/time><time class=\"updated ts-hide\" datetime=\"2024-07-12T10:32:24+00:00\">juliol 12, 2024<\/time><\/a><\/span><\/div><\/div>\t\t\t\t\t\t\t<span class=\"ts-meta-line cat-links\"><span class=\"screen-reader-text ts-hide\">Categories <\/span><a href=\"https:\/\/lequia-udg.com\/ca\/category\/technology-transfer-ca\/\">Transfer\u00e8ncia de tecnologia<\/a><\/span>\r\n\t\t\t\t\t\t<div class=\"themestek-box-title\"><h4><a title=\"Xarxa RDI-IA\" href=\"https:\/\/lequia-udg.com\/ca\/2024\/07\/12\/xarxa-rdi-ia\/\">Xarxa RDI-IA<\/a><\/h4><\/div>\r\n\t\t\t<div class=\"ts-bottom-meta-wrapper clearfix\">\r\n\t\t\t\t<div class=\"pull-left\">\r\n\t\t\t\t\t<div class=\"themestek-blogbox-footer-left\"><a title=\"Read More\" href=\"https:\/\/lequia-udg.com\/ca\/2024\/07\/12\/xarxa-rdi-ia\/\">Read More<\/a><\/div>\t\t\t\t<\/div>\r\n\t\t\t<\/div>\r\n\t\t<\/div>\r\n\t<\/div>\r\n<\/article><\/div><div class=\"ts-box-col-wrapper col-lg-4 col-sm-6 col-md-4 col-xs-12 ts-term-72\"><article class=\"themestek-box themestek-box-blog ts-blogbox-style-9 themestek-box-style9 ts-hover-style-3 themestek-blogbox-format- \">\r\n\t<div class=\"post-item\">\r\n\t\t\r\n\t\t<div class=\"ts-blog-image-with-meta\">\r\n\t\t\t<div class=\"ts-featured-wrapper ts-post-featured-wrapper ts-post-format-\"><img loading=\"lazy\" decoding=\"async\" width=\"607\" height=\"524\" src=\"https:\/\/lequia-udg.com\/wp-content\/uploads\/2024\/07\/Aquaria4AllConcept.jpg\" class=\"attachment-themestek-img-800x700 size-themestek-img-800x700 wp-post-image\" alt=\"\" \/><\/div>\t\t<\/div>\r\n\t\t\r\n\t\t<div class=\"themestek-box-content\">\r\n\t\t\t<div class=\"ts-entry-meta-wrapper\"><div class=\"entry-meta ts-entry-meta ts-entry-meta-blogbox\"><span class=\"ts-meta-line byline\">  <span class=\"author vcard\"><span class=\"screen-reader-text ts-hide\">Author <\/span>By <a title=\"\" class=\"url fn n\" href=\"https:\/\/lequia-udg.com\/ca\/author\/lequia\/\"><\/a><\/span><\/span><span class=\"ts-meta-line posted-on\"><span class=\"screen-reader-text ts-hide\">Posted on <\/span><a href=\"https:\/\/lequia-udg.com\/ca\/2024\/07\/12\/aquaria4all\/\" title=\"Posted on\"><time class=\"entry-date published\" datetime=\"2024-07-12T09:42:05+00:00\">juliol 12, 2024<\/time><time class=\"updated ts-hide\" datetime=\"2024-07-12T11:00:40+00:00\">juliol 12, 2024<\/time><\/a><\/span><\/div><\/div>\t\t\t\t\t\t\t<span class=\"ts-meta-line cat-links\"><span class=\"screen-reader-text ts-hide\">Categories <\/span><a href=\"https:\/\/lequia-udg.com\/ca\/category\/technology-transfer-ca\/\">Transfer\u00e8ncia de tecnologia<\/a><\/span>\r\n\t\t\t\t\t\t<div class=\"themestek-box-title\"><h4><a title=\"Aquaria4All\" href=\"https:\/\/lequia-udg.com\/ca\/2024\/07\/12\/aquaria4all\/\">Aquaria4All<\/a><\/h4><\/div>\r\n\t\t\t<div class=\"ts-bottom-meta-wrapper clearfix\">\r\n\t\t\t\t<div class=\"pull-left\">\r\n\t\t\t\t\t<div class=\"themestek-blogbox-footer-left\"><a title=\"Read More\" href=\"https:\/\/lequia-udg.com\/ca\/2024\/07\/12\/aquaria4all\/\">Read More<\/a><\/div>\t\t\t\t<\/div>\r\n\t\t\t<\/div>\r\n\t\t<\/div>\r\n\t<\/div>\r\n<\/article><\/div><div class=\"ts-box-col-wrapper col-lg-4 col-sm-6 col-md-4 col-xs-12 ts-term-72\"><article class=\"themestek-box themestek-box-blog ts-blogbox-style-9 themestek-box-style9 ts-hover-style-3 themestek-blogbox-format- \">\r\n\t<div class=\"post-item\">\r\n\t\t\r\n\t\t<div class=\"ts-blog-image-with-meta\">\r\n\t\t\t<div class=\"ts-featured-wrapper ts-post-featured-wrapper ts-post-format-\"><img loading=\"lazy\" decoding=\"async\" width=\"600\" height=\"504\" src=\"https:\/\/lequia-udg.com\/wp-content\/uploads\/2026\/02\/Figure-1.-Smart-Air-MBR-concept-1-e1771320321711.jpg\" class=\"attachment-themestek-img-800x700 size-themestek-img-800x700 wp-post-image\" alt=\"\" \/><\/div>\t\t<\/div>\r\n\t\t\r\n\t\t<div class=\"themestek-box-content\">\r\n\t\t\t<div class=\"ts-entry-meta-wrapper\"><div class=\"entry-meta ts-entry-meta ts-entry-meta-blogbox\"><span class=\"ts-meta-line byline\">  <span class=\"author vcard\"><span class=\"screen-reader-text ts-hide\">Author <\/span>By <a title=\"\" class=\"url fn n\" href=\"https:\/\/lequia-udg.com\/ca\/author\/lequia\/\"><\/a><\/span><\/span><span class=\"ts-meta-line posted-on\"><span class=\"screen-reader-text ts-hide\">Posted on <\/span><a href=\"https:\/\/lequia-udg.com\/ca\/2026\/02\/17\/fuzzy-smart-air-mbr-automatic-control-system-for-air-scouring-optimization-in-membrane-bioreactors\/\" title=\"Posted on\"><time class=\"entry-date published\" datetime=\"2026-02-17T09:27:04+00:00\">febrer 17, 2026<\/time><time class=\"updated ts-hide\" datetime=\"2026-03-01T18:47:31+00:00\">mar\u00e7 1, 2026<\/time><\/a><\/span><\/div><\/div>\t\t\t\t\t\t\t<span class=\"ts-meta-line cat-links\"><span class=\"screen-reader-text ts-hide\">Categories <\/span><a href=\"https:\/\/lequia-udg.com\/ca\/category\/technology-transfer-ca\/\">Transfer\u00e8ncia de tecnologia<\/a><\/span>\r\n\t\t\t\t\t\t<div class=\"themestek-box-title\"><h4><a title=\"Fuzzy Smart Air MBR\u00ae: Automatic control system for air-scouring optimization in membrane bioreactors\" href=\"https:\/\/lequia-udg.com\/ca\/2026\/02\/17\/fuzzy-smart-air-mbr-automatic-control-system-for-air-scouring-optimization-in-membrane-bioreactors\/\">Fuzzy Smart Air MBR\u00ae: Automatic control system for air-scouring optimization in membrane bioreactors<\/a><\/h4><\/div>\r\n\t\t\t<div class=\"ts-bottom-meta-wrapper clearfix\">\r\n\t\t\t\t<div class=\"pull-left\">\r\n\t\t\t\t\t<div class=\"themestek-blogbox-footer-left\"><a title=\"Read More\" href=\"https:\/\/lequia-udg.com\/ca\/2026\/02\/17\/fuzzy-smart-air-mbr-automatic-control-system-for-air-scouring-optimization-in-membrane-bioreactors\/\">Read More<\/a><\/div>\t\t\t\t<\/div>\r\n\t\t\t<\/div>\r\n\t\t<\/div>\r\n\t<\/div>\r\n<\/article><\/div><div class=\"ts-box-col-wrapper col-lg-4 col-sm-6 col-md-4 col-xs-12 ts-term-72\"><article class=\"themestek-box themestek-box-blog ts-blogbox-style-9 themestek-box-style9 ts-hover-style-3 themestek-blogbox-format- \">\r\n\t<div class=\"post-item\">\r\n\t\t\r\n\t\t<div class=\"ts-blog-image-with-meta\">\r\n\t\t\t<div class=\"ts-featured-wrapper ts-post-featured-wrapper ts-post-format-\"><img loading=\"lazy\" decoding=\"async\" width=\"600\" height=\"355\" src=\"https:\/\/lequia-udg.com\/wp-content\/uploads\/2026\/02\/Figura_silhex_jpg-scaled-e1771337817941.jpg\" class=\"attachment-themestek-img-800x700 size-themestek-img-800x700 wp-post-image\" alt=\"\" \/><\/div>\t\t<\/div>\r\n\t\t\r\n\t\t<div class=\"themestek-box-content\">\r\n\t\t\t<div class=\"ts-entry-meta-wrapper\"><div class=\"entry-meta ts-entry-meta ts-entry-meta-blogbox\"><span class=\"ts-meta-line byline\">  <span class=\"author vcard\"><span class=\"screen-reader-text ts-hide\">Author <\/span>By <a title=\"\" class=\"url fn n\" href=\"https:\/\/lequia-udg.com\/ca\/author\/lequia\/\"><\/a><\/span><\/span><span class=\"ts-meta-line posted-on\"><span class=\"screen-reader-text ts-hide\">Posted on <\/span><a href=\"https:\/\/lequia-udg.com\/ca\/2026\/02\/17\/biosynthesis-of-hexanoate-from-ethanol-containing-wastewaters-fermentates\/\" title=\"Posted on\"><time class=\"entry-date published\" datetime=\"2026-02-17T14:17:13+00:00\">febrer 17, 2026<\/time><time class=\"updated ts-hide\" datetime=\"2026-03-01T18:48:23+00:00\">mar\u00e7 1, 2026<\/time><\/a><\/span><\/div><\/div>\t\t\t\t\t\t\t<span class=\"ts-meta-line cat-links\"><span class=\"screen-reader-text ts-hide\">Categories <\/span><a href=\"https:\/\/lequia-udg.com\/ca\/category\/technology-transfer-ca\/\">Transfer\u00e8ncia de tecnologia<\/a><\/span>\r\n\t\t\t\t\t\t<div class=\"themestek-box-title\"><h4><a title=\"Biosynthesis of hexanoate from ethanol-containing wastewaters\/fermentates\" href=\"https:\/\/lequia-udg.com\/ca\/2026\/02\/17\/biosynthesis-of-hexanoate-from-ethanol-containing-wastewaters-fermentates\/\">Biosynthesis of hexanoate from ethanol-containing wastewaters\/fermentates<\/a><\/h4><\/div>\r\n\t\t\t<div class=\"ts-bottom-meta-wrapper clearfix\">\r\n\t\t\t\t<div class=\"pull-left\">\r\n\t\t\t\t\t<div class=\"themestek-blogbox-footer-left\"><a title=\"Read More\" href=\"https:\/\/lequia-udg.com\/ca\/2026\/02\/17\/biosynthesis-of-hexanoate-from-ethanol-containing-wastewaters-fermentates\/\">Read More<\/a><\/div>\t\t\t\t<\/div>\r\n\t\t\t<\/div>\r\n\t\t<\/div>\r\n\t<\/div>\r\n<\/article><\/div><div class=\"ts-box-col-wrapper col-lg-4 col-sm-6 col-md-4 col-xs-12 ts-term-72\"><article class=\"themestek-box themestek-box-blog ts-blogbox-style-9 themestek-box-style9 ts-hover-style-3 themestek-blogbox-format- \">\r\n\t<div class=\"post-item\">\r\n\t\t\r\n\t\t<div class=\"ts-blog-image-with-meta\">\r\n\t\t\t<div class=\"ts-featured-wrapper ts-post-featured-wrapper ts-post-format-\"><img loading=\"lazy\" decoding=\"async\" width=\"1980\" height=\"1024\" src=\"https:\/\/lequia-udg.com\/wp-content\/uploads\/2025\/09\/Esquema-deCENT-e1757675352136.jpeg\" class=\"attachment-themestek-img-800x700 size-themestek-img-800x700 wp-post-image\" alt=\"\" \/><\/div>\t\t<\/div>\r\n\t\t\r\n\t\t<div class=\"themestek-box-content\">\r\n\t\t\t<div class=\"ts-entry-meta-wrapper\"><div class=\"entry-meta ts-entry-meta ts-entry-meta-blogbox\"><span class=\"ts-meta-line byline\">  <span class=\"author vcard\"><span class=\"screen-reader-text ts-hide\">Author <\/span>By <a title=\"\" class=\"url fn n\" href=\"https:\/\/lequia-udg.com\/ca\/author\/lequia\/\"><\/a><\/span><\/span><span class=\"ts-meta-line posted-on\"><span class=\"screen-reader-text ts-hide\">Posted on <\/span><a href=\"https:\/\/lequia-udg.com\/ca\/2026\/01\/20\/device-for-indoor-air-purification-and-biomethane-production\/\" title=\"Posted on\"><time class=\"entry-date published\" datetime=\"2026-01-20T11:09:47+00:00\">gener 20, 2026<\/time><time class=\"updated ts-hide\" datetime=\"2026-03-01T18:48:48+00:00\">mar\u00e7 1, 2026<\/time><\/a><\/span><\/div><\/div>\t\t\t\t\t\t\t<span class=\"ts-meta-line cat-links\"><span class=\"screen-reader-text ts-hide\">Categories <\/span><a href=\"https:\/\/lequia-udg.com\/ca\/category\/technology-transfer-ca\/\">Transfer\u00e8ncia de tecnologia<\/a><\/span>\r\n\t\t\t\t\t\t<div class=\"themestek-box-title\"><h4><a title=\"Device for indoor air purification and biomethane production\" href=\"https:\/\/lequia-udg.com\/ca\/2026\/01\/20\/device-for-indoor-air-purification-and-biomethane-production\/\">Device for indoor air purification and biomethane production<\/a><\/h4><\/div>\r\n\t\t\t<div class=\"ts-bottom-meta-wrapper clearfix\">\r\n\t\t\t\t<div class=\"pull-left\">\r\n\t\t\t\t\t<div class=\"themestek-blogbox-footer-left\"><a title=\"Read More\" href=\"https:\/\/lequia-udg.com\/ca\/2026\/01\/20\/device-for-indoor-air-purification-and-biomethane-production\/\">Read More<\/a><\/div>\t\t\t\t<\/div>\r\n\t\t\t<\/div>\r\n\t\t<\/div>\r\n\t<\/div>\r\n<\/article><\/div><div class=\"ts-box-col-wrapper col-lg-4 col-sm-6 col-md-4 col-xs-12 ts-term-72\"><article class=\"themestek-box themestek-box-blog ts-blogbox-style-9 themestek-box-style9 ts-hover-style-3 themestek-blogbox-format- \">\r\n\t<div class=\"post-item\">\r\n\t\t\r\n\t\t<div class=\"ts-blog-image-with-meta\">\r\n\t\t\t<div class=\"ts-featured-wrapper ts-post-featured-wrapper ts-post-format-\"><img loading=\"lazy\" decoding=\"async\" width=\"800\" height=\"419\" src=\"https:\/\/lequia-udg.com\/wp-content\/uploads\/2026\/01\/Flapp-e1769607788418.jpg\" class=\"attachment-themestek-img-800x700 size-themestek-img-800x700 wp-post-image\" alt=\"\" \/><\/div>\t\t<\/div>\r\n\t\t\r\n\t\t<div class=\"themestek-box-content\">\r\n\t\t\t<div class=\"ts-entry-meta-wrapper\"><div class=\"entry-meta ts-entry-meta ts-entry-meta-blogbox\"><span class=\"ts-meta-line byline\">  <span class=\"author vcard\"><span class=\"screen-reader-text ts-hide\">Author <\/span>By <a title=\"\" class=\"url fn n\" href=\"https:\/\/lequia-udg.com\/ca\/author\/lequia\/\"><\/a><\/span><\/span><span class=\"ts-meta-line posted-on\"><span class=\"screen-reader-text ts-hide\">Posted on <\/span><a href=\"https:\/\/lequia-udg.com\/ca\/2026\/01\/28\/flapp-smart-monitoring-system-for-accelerated-assessment-of-new-ideas\/\" title=\"Posted on\"><time class=\"entry-date published\" datetime=\"2026-01-28T13:44:13+00:00\">gener 28, 2026<\/time><time class=\"updated ts-hide\" datetime=\"2026-03-01T18:50:18+00:00\">mar\u00e7 1, 2026<\/time><\/a><\/span><\/div><\/div>\t\t\t\t\t\t\t<span class=\"ts-meta-line cat-links\"><span class=\"screen-reader-text ts-hide\">Categories <\/span><a href=\"https:\/\/lequia-udg.com\/ca\/category\/technology-transfer-ca\/\">Transfer\u00e8ncia de tecnologia<\/a><\/span>\r\n\t\t\t\t\t\t<div class=\"themestek-box-title\"><h4><a title=\"Flapp: Smart Monitoring System for Accelerated Assessment of New Ideas\" href=\"https:\/\/lequia-udg.com\/ca\/2026\/01\/28\/flapp-smart-monitoring-system-for-accelerated-assessment-of-new-ideas\/\">Flapp: Smart Monitoring System for Accelerated Assessment of New Ideas<\/a><\/h4><\/div>\r\n\t\t\t<div class=\"ts-bottom-meta-wrapper clearfix\">\r\n\t\t\t\t<div class=\"pull-left\">\r\n\t\t\t\t\t<div class=\"themestek-blogbox-footer-left\"><a title=\"Read More\" href=\"https:\/\/lequia-udg.com\/ca\/2026\/01\/28\/flapp-smart-monitoring-system-for-accelerated-assessment-of-new-ideas\/\">Read More<\/a><\/div>\t\t\t\t<\/div>\r\n\t\t\t<\/div>\r\n\t\t<\/div>\r\n\t<\/div>\r\n<\/article><\/div>\r\n\t\t\t<\/div>\r\n\t\t<div class=\"clearfix\"><\/div><\/div><!-- .themestek-boxes-inner -->   <\/div><!-- .themestek-boxes -->  \t\t\t\t<\/div>\n\t\t\t\t<\/div>\n\t\t\t\t\t<\/div>\n\t\t<\/div>\n\t\t\t\t\t<\/div>\n\t\t<\/section>\n\t\t\t\t<\/div>\n\t\t","protected":false},"excerpt":{"rendered":"<p>Transfer\u00e8ncia de tecnologia Author By LequiaPosted on March 5, 2024July 12, 2024 Categories Transfer\u00e8ncia de tecnologia Cat\u00e0leg de serveis Read More Author By LequiaPosted on January 17, 2024July 12, 2024 Categories Transfer\u00e8ncia de tecnologia DrinkIA \u2013 DigitalTwin Read More Author By LequiaPosted on July 11, 2024July 12, 2024 Categories Transfer\u00e8ncia de tecnologia Xarxa BlueNetCat Read &hellip; <a href=\"https:\/\/lequia-udg.com\/ca\/2026\/01\/28\/flapp-smart-monitoring-system-for-accelerated-assessment-of-new-ideas\/\" class=\"more-link\" title=\"Continue reading <span class=\"screen-reader-text\">Flapp: Smart Monitoring System for Accelerated Assessment of New Ideas<\/span>&#8220;>Continue reading <span class=\"screen-reader-text\">Flapp: Smart Monitoring System for Accelerated Assessment of New Ideas<\/span><\/a><\/p>\n","protected":false},"author":1,"featured_media":0,"parent":0,"menu_order":0,"comment_status":"closed","ping_status":"closed","template":"","meta":{"footnotes":""},"class_list":["post-10943","page","type-page","status-publish","hentry"],"_links":{"self":[{"href":"https:\/\/lequia-udg.com\/ca\/wp-json\/wp\/v2\/pages\/10943","targetHints":{"allow":["GET"]}}],"collection":[{"href":"https:\/\/lequia-udg.com\/ca\/wp-json\/wp\/v2\/pages"}],"about":[{"href":"https:\/\/lequia-udg.com\/ca\/wp-json\/wp\/v2\/types\/page"}],"author":[{"embeddable":true,"href":"https:\/\/lequia-udg.com\/ca\/wp-json\/wp\/v2\/users\/1"}],"replies":[{"embeddable":true,"href":"https:\/\/lequia-udg.com\/ca\/wp-json\/wp\/v2\/comments?post=10943"}],"version-history":[{"count":10,"href":"https:\/\/lequia-udg.com\/ca\/wp-json\/wp\/v2\/pages\/10943\/revisions"}],"predecessor-version":[{"id":13166,"href":"https:\/\/lequia-udg.com\/ca\/wp-json\/wp\/v2\/pages\/10943\/revisions\/13166"}],"wp:attachment":[{"href":"https:\/\/lequia-udg.com\/ca\/wp-json\/wp\/v2\/media?parent=10943"}],"curies":[{"name":"wp","href":"https:\/\/api.w.org\/{rel}","templated":true}]}}