{"id":13025,"date":"2024-05-09T16:09:52","date_gmt":"2024-05-09T16:09:52","guid":{"rendered":"https:\/\/lequia-udg.com\/informacio-relativa-al-compliment-de-larticle-10-de-la-lssice\/"},"modified":"2024-07-01T15:52:56","modified_gmt":"2024-07-01T15:52:56","slug":"informacio-relativa-al-compliment-de-larticle-10-de-la-lssice","status":"publish","type":"page","link":"https:\/\/lequia-udg.com\/ca\/informacio-relativa-al-compliment-de-larticle-10-de-la-lssice\/","title":{"rendered":"Informaci\u00f3 relativa al compliment de l&#8217;article 10 de la LSSICE"},"content":{"rendered":"\n<p class=\"has-large-font-size\"><h1 class=\"article_title\">Article 10 de la LSSICE<\/h1><\/p>\n\n<p><strong>TITULAR:<\/strong>\u00a0Universitat de Girona<\/p>\n\n<p><strong>NIF:<\/strong>\u00a0Q6750002E<\/p>\n\n<p><strong>ADRE\u00c7A:<\/strong>\u00a0Pla\u00e7a Sant Dom\u00e8nec 9, Girona 17003<\/p>\n\n<p><strong>PROTECCI\u00d3 DE DADES PERSONALS<\/strong><\/p>\n\n<p>Les dades de car\u00e0cter personal que es recullen a trav\u00e9s de la p\u00e0gina web, \u00fanicament s\u00f3n utilitzades a efectes de prestar els serveis sol\u00b7licitats aix\u00ed com procedir a la facturaci\u00f3 dels mateixos. Les seves dades seran ubicades en fitxers titularitat de l&#8217; Universitat de Girona a efectes de facturaci\u00f3 i seran arxivades pel per\u00edode de temps legalment necessari. Vost\u00e8 pot exercir els drets d&#8217;acc\u00e9s, rectificaci\u00f3, cancel\u00b7laci\u00f3 i oposici\u00f3 mitjan\u00e7ant escrit a LEQUIA Pla\u00e7a Sant Dom\u00e8nec 9, Girona 17003<\/p>\n\n<p><strong>PROPIETAT INTEL\u00b7LECTUAL I RESPONSABILITAT SOBRE ELS CONTINGUTS<\/strong><\/p>\n\n<p>Queda prohibit qualsevol \u00fas de tots els continguts de la p\u00e0gina web, concretament sobre els textos, disseny i codi font, sense l&#8217;autoritzaci\u00f3 expressa dels seus titulars. Qualsevol \u00fas no perm\u00e8s ser\u00e0 degudament perseguit pels leg\u00edtims propietaris.&#13;\n&#13;\nEl titular de la p\u00e0gina web no es fa responsable dels continguts als que es dirigeixen els enlla\u00e7os ubicats en aquesta, segons el que estableix l&#8217;article 17 de la LSSICE.<\/p>\n\n<p><strong>DISSENY WEB<\/strong><\/p>\n\n<p><a href=\"http:\/\/www.reverter.cat\/\" target=\"_blank\" rel=\"noreferrer noopener\">www.reverter.cat<\/a><\/p>\n","protected":false},"excerpt":{"rendered":"<p>Article 10 de la LSSICE TITULAR:\u00a0Universitat de Girona NIF:\u00a0Q6750002E ADRE\u00c7A:\u00a0Pla\u00e7a Sant Dom\u00e8nec 9, Girona 17003 PROTECCI\u00d3 DE DADES PERSONALS Les dades de car\u00e0cter personal que es recullen a trav\u00e9s de la p\u00e0gina web, \u00fanicament s\u00f3n utilitzades a efectes de prestar els serveis sol\u00b7licitats aix\u00ed com procedir a la facturaci\u00f3 dels mateixos. Les seves dades seran &hellip; <a href=\"https:\/\/lequia-udg.com\/ca\/informacio-relativa-al-compliment-de-larticle-10-de-la-lssice\/\" class=\"more-link\" title=\"Continue reading <span class=\"screen-reader-text\">Informaci\u00f3 relativa al compliment de l&#8217;article 10 de la LSSICE<\/span>&#8220;>Continue reading <span class=\"screen-reader-text\">Informaci\u00f3 relativa al compliment de l&#8217;article 10 de la LSSICE<\/span><\/a><\/p>\n","protected":false},"author":1,"featured_media":0,"parent":0,"menu_order":0,"comment_status":"closed","ping_status":"closed","template":"","meta":{"footnotes":""},"class_list":["post-13025","page","type-page","status-publish","hentry"],"_links":{"self":[{"href":"https:\/\/lequia-udg.com\/ca\/wp-json\/wp\/v2\/pages\/13025","targetHints":{"allow":["GET"]}}],"collection":[{"href":"https:\/\/lequia-udg.com\/ca\/wp-json\/wp\/v2\/pages"}],"about":[{"href":"https:\/\/lequia-udg.com\/ca\/wp-json\/wp\/v2\/types\/page"}],"author":[{"embeddable":true,"href":"https:\/\/lequia-udg.com\/ca\/wp-json\/wp\/v2\/users\/1"}],"replies":[{"embeddable":true,"href":"https:\/\/lequia-udg.com\/ca\/wp-json\/wp\/v2\/comments?post=13025"}],"version-history":[{"count":1,"href":"https:\/\/lequia-udg.com\/ca\/wp-json\/wp\/v2\/pages\/13025\/revisions"}],"predecessor-version":[{"id":13026,"href":"https:\/\/lequia-udg.com\/ca\/wp-json\/wp\/v2\/pages\/13025\/revisions\/13026"}],"wp:attachment":[{"href":"https:\/\/lequia-udg.com\/ca\/wp-json\/wp\/v2\/media?parent=13025"}],"curies":[{"name":"wp","href":"https:\/\/api.w.org\/{rel}","templated":true}]}}