{"id":13027,"date":"2023-10-10T16:16:42","date_gmt":"2023-10-10T16:16:42","guid":{"rendered":"https:\/\/lequia-udg.com\/politica-de-privacitat\/"},"modified":"2024-07-01T15:56:42","modified_gmt":"2024-07-01T15:56:42","slug":"politica-de-privacitat","status":"publish","type":"page","link":"https:\/\/lequia-udg.com\/ca\/politica-de-privacitat\/","title":{"rendered":"Pol\u00edtica de privacitat"},"content":{"rendered":"\n<p class=\"has-large-font-size\"><h1 class=\"article_title\">Pol\u00edtica de Cookies<\/h1><\/p>\n\n<p>Les cookies o galetes s\u00f3n uns petits arxius de text que s\u2019instal\u00b7len als equips des dels quals s\u2019accedeix al nostre lloc web. Poden desar la identificaci\u00f3 de l\u2019usuari que visita el web i els llocs pels quals navega. Quan l\u2019usuari ens torna a visitar es llegeixen les cookies per identificar-lo i restablir-ne les prefer\u00e8ncies i la configuraci\u00f3 de navegaci\u00f3. Si un usuari no autoritza l\u2019\u00fas de les cookies, alguns serveis o funcionalitats del lloc web podrien no estar disponibles. Volem que aquest lloc ofereixi un bon servei i que sigui f\u00e0cil d\u2019utilitzar. <\/p>\n\n<p>En aquest sentit, utilitzem cookies de Google Analytics. Aix\u00f2 ens permet:<\/p>\n\n<p>Analitzar estad\u00edsticament la informaci\u00f3 a la qual accedeixen els usuaris del nostre lloc. Les dades recollides poden incloure l\u2019activitat del navegador de l\u2019usuari quan ens visita, la ruta que segueixen els usuaris en el nostre lloc, informaci\u00f3 del prove\u00efdor de serveis d\u2019Internet del visitant, el nombre de vegades que els usuaris accedeixen al lloc i el comportament dels usuaris al nostre lloc (p\u00e0gines que han visitat, formularis que s\u2019han completat i similars).<\/p>\n\n<p>Identificar els usuaris que ens visiten des de la invitaci\u00f3 d\u2019un lloc web associat o d\u2019un enlla\u00e7 patrocinat.<\/p>\n\n<p>Podeu obtenir m\u00e9s informaci\u00f3 sobre Google Analytics a <a title=\"Google analytics\" href=\"http:\/\/www.google.com\/analytics\/\" target=\"_blank\" rel=\"alternate noopener\">www.google.com\/analytics\/<\/a>. Per controlar el recull de dades amb finalitats anal\u00edtiques per part de Google Analytics, podeu anar a <a href=\"https:\/\/tools.google.com\/dlpage\/gaoptout?hl=en\" target=\"_blank\" rel=\"alternate noopener\">https:\/\/tools.google.com\/dlpage\/gaoptout?hl=en<\/a><\/p>\n\n<p>Podeu revocar el consentiment a la utilitzaci\u00f3 de cookies eliminant-les per mitj\u00e0 de les opcions que us ofereix el vostre navegador.<\/p>\n\n<p>Si desitgeu rebre informaci\u00f3 addicional sobre l\u2019activitat de les empreses de publicitat a Internet i sobre com eliminar les vostres dades dels registres d\u2019aquestes empreses, us recomanem que visiteu www.networkadvertising.org. <\/p>\n\n<p>Podeu configurar el vostre navegador per tal que us informi pr\u00e8viament de la possible instal\u00b7laci\u00f3 de cookies. Tamb\u00e9 podreu optar perqu\u00e8 se suprimeixin autom\u00e0ticament un cop es tanqui el navegador, equip o dispositiu. Podeu trobar informaci\u00f3 sobre com fer-ho a:<\/p>\n\n<p>\u2013 Per a Firefox a <a href=\"http:\/\/support.mozilla.org\/ca\/kb\/Galetes\" target=\"_blank\" rel=\"alternate noopener\">http:\/\/support.mozilla.org\/ca\/kb\/Galetes<\/a>.<\/p>\n\n<p>\u2013 Per a Chrome a <a href=\"http:\/\/support.google.com\/chrome\/bin\/answer.py?hl=es&amp;answer=95647\" target=\"_blank\" rel=\"alternate noopener\">http:\/\/support.google.com\/chrome\/bin\/answer.py?hl=es&amp;answer=95647<\/a>.<\/p>\n\n<p>\u2013 Per a Explorer a <a href=\"http:\/\/windows.microsoft.com\/es-es\/windows7\/how-to-manage-cookies-in-internet-explorer-9\" target=\"_blank\" rel=\"alternate noopener\">http:\/\/windows.microsoft.com\/es-es\/windows7\/how-to-manage-cookies-in-internet-explorer-9<\/a>.<\/p>\n\n<p>\u2013 Per a Safari a <a href=\"http:\/\/support.apple.com\/kb\/ph5042\" target=\"_blank\" rel=\"alternate noopener\">http:\/\/support.apple.com\/kb\/ph5042<\/a>.<\/p>\n\n<p>\u2013 Per a Safari per a IOS a <a href=\"http:\/\/support.apple.com\/kb\/HT1677?viewlocale=es_ES&amp;locale=es_ES\" target=\"_blank\" rel=\"alternate noopener\">http:\/\/support.apple.com\/kb\/HT1677?viewlocale=es_ES&amp;locale=es_ES<\/a><\/p>\n\n<p>\u2013 Per a Opera a <a href=\"http:\/\/help.opera.com\/Windows\/11.50\/es-ES\/cookies.html\" target=\"_blank\" rel=\"alternate noopener\">http:\/\/help.opera.com\/Windows\/11.50\/es-ES\/cookies.html<\/a><\/p>\n","protected":false},"excerpt":{"rendered":"<p>Pol\u00edtica de Cookies Les cookies o galetes s\u00f3n uns petits arxius de text que s\u2019instal\u00b7len als equips des dels quals s\u2019accedeix al nostre lloc web. Poden desar la identificaci\u00f3 de l\u2019usuari que visita el web i els llocs pels quals navega. Quan l\u2019usuari ens torna a visitar es llegeixen les cookies per identificar-lo i restablir-ne &hellip; <a href=\"https:\/\/lequia-udg.com\/ca\/politica-de-privacitat\/\" class=\"more-link\" title=\"Continue reading <span class=\"screen-reader-text\">Pol\u00edtica de privacitat<\/span>&#8220;>Continue reading <span class=\"screen-reader-text\">Pol\u00edtica de privacitat<\/span><\/a><\/p>\n","protected":false},"author":1,"featured_media":0,"parent":0,"menu_order":0,"comment_status":"closed","ping_status":"closed","template":"","meta":{"footnotes":""},"class_list":["post-13027","page","type-page","status-publish","hentry"],"_links":{"self":[{"href":"https:\/\/lequia-udg.com\/ca\/wp-json\/wp\/v2\/pages\/13027","targetHints":{"allow":["GET"]}}],"collection":[{"href":"https:\/\/lequia-udg.com\/ca\/wp-json\/wp\/v2\/pages"}],"about":[{"href":"https:\/\/lequia-udg.com\/ca\/wp-json\/wp\/v2\/types\/page"}],"author":[{"embeddable":true,"href":"https:\/\/lequia-udg.com\/ca\/wp-json\/wp\/v2\/users\/1"}],"replies":[{"embeddable":true,"href":"https:\/\/lequia-udg.com\/ca\/wp-json\/wp\/v2\/comments?post=13027"}],"version-history":[{"count":1,"href":"https:\/\/lequia-udg.com\/ca\/wp-json\/wp\/v2\/pages\/13027\/revisions"}],"predecessor-version":[{"id":13028,"href":"https:\/\/lequia-udg.com\/ca\/wp-json\/wp\/v2\/pages\/13027\/revisions\/13028"}],"wp:attachment":[{"href":"https:\/\/lequia-udg.com\/ca\/wp-json\/wp\/v2\/media?parent=13027"}],"curies":[{"name":"wp","href":"https:\/\/api.w.org\/{rel}","templated":true}]}}