{"id":456,"date":"2023-10-18T16:17:42","date_gmt":"2023-10-18T16:17:42","guid":{"rendered":"http:\/\/lequia-udg.com\/presentacio\/"},"modified":"2025-10-16T07:29:34","modified_gmt":"2025-10-16T07:29:34","slug":"presentacio","status":"publish","type":"page","link":"https:\/\/lequia-udg.com\/ca\/presentacio\/","title":{"rendered":"Presentaci\u00f3"},"content":{"rendered":"\t\t<div data-elementor-type=\"wp-page\" data-elementor-id=\"456\" class=\"elementor elementor-456 elementor-363\" data-elementor-post-type=\"page\">\n\t\t\t\t\t\t<section class=\"elementor-section elementor-top-section elementor-element elementor-element-1d83af6 ts-col-stretched-none ts-bg-color-over-image elementor-section-boxed elementor-section-height-default elementor-section-height-default\" data-id=\"1d83af6\" data-element_type=\"section\">\n\t\t\t\t\t\t<div class=\"elementor-container elementor-column-gap-default\">\n\t\t\t\t\t<div class=\"elementor-column elementor-col-100 elementor-top-column elementor-element elementor-element-a7cc6f8 ts-bg-color-over-image\" data-id=\"a7cc6f8\" data-element_type=\"column\">\n\t\t\t<div class=\"elementor-widget-wrap elementor-element-populated\">\n\t\t\t\t\t\t<div class=\"elementor-element elementor-element-cae1193 elementor-widget elementor-widget-spacer\" data-id=\"cae1193\" data-element_type=\"widget\" data-widget_type=\"spacer.default\">\n\t\t\t\t<div class=\"elementor-widget-container\">\n\t\t\t\t\t\t\t<div class=\"elementor-spacer\">\n\t\t\t<div class=\"elementor-spacer-inner\"><\/div>\n\t\t<\/div>\n\t\t\t\t\t\t<\/div>\n\t\t\t\t<\/div>\n\t\t\t\t\t<\/div>\n\t\t<\/div>\n\t\t\t\t\t<\/div>\n\t\t<\/section>\n\t\t\t\t<section class=\"elementor-section elementor-top-section elementor-element elementor-element-d3f4b2d elementor-section-full_width ts-col-stretched-none ts-bg-color-over-image elementor-section-height-default elementor-section-height-default\" data-id=\"d3f4b2d\" data-element_type=\"section\">\n\t\t\t\t\t\t<div class=\"elementor-container elementor-column-gap-default\">\n\t\t\t\t\t<div class=\"elementor-column elementor-col-66 elementor-top-column elementor-element elementor-element-06be63e ts-bg-color-over-image\" data-id=\"06be63e\" data-element_type=\"column\">\n\t\t\t<div class=\"elementor-widget-wrap elementor-element-populated\">\n\t\t\t\t\t\t<div class=\"elementor-element elementor-element-b4d94a8 elementor-widget elementor-widget-image\" data-id=\"b4d94a8\" data-element_type=\"widget\" data-widget_type=\"image.default\">\n\t\t\t\t<div class=\"elementor-widget-container\">\n\t\t\t\t\t\t\t\t\t\t\t\t\t\t\t<img fetchpriority=\"high\" decoding=\"async\" width=\"710\" height=\"450\" src=\"https:\/\/lequia-udg.com\/wp-content\/uploads\/2023\/10\/Foto_de_grup_completa.jpg\" class=\"attachment-large size-large wp-image-457\" alt=\"\" srcset=\"https:\/\/lequia-udg.com\/wp-content\/uploads\/2023\/10\/Foto_de_grup_completa.jpg 710w, https:\/\/lequia-udg.com\/wp-content\/uploads\/2023\/10\/Foto_de_grup_completa-300x190.jpg 300w\" sizes=\"(max-width: 710px) 100vw, 710px\" \/>\t\t\t\t\t\t\t\t\t\t\t\t\t\t\t<\/div>\n\t\t\t\t<\/div>\n\t\t\t\t<div class=\"elementor-element elementor-element-ad44852 elementor-widget elementor-widget-text-editor\" data-id=\"ad44852\" data-element_type=\"widget\" data-widget_type=\"text-editor.default\">\n\t\t\t\t<div class=\"elementor-widget-container\">\n\t\t\t\t\t\t\t\t\t<p style=\"text-align: justify;\">El Laboratori d&#8217;Enginyeria Qu\u00edmica i Ambiental (LEQUIA) \u00e9s un grup de recerca de la Universitat de Girona (<a href=\"http:\/\/www.udg.edu\" target=\"nou\">UdG<\/a>) dedicat al desenvolupament de solucions eco-innovadores en l&#8217;\u00e0mbit del mediambient. El LEQUIA forma part de l&#8217;Institut de Medi Ambient de la UdG (<a href=\"http:\/\/www.udg.edu\/ima\" target=\"nou\">IMA<\/a>) i participa activament al <a href=\"https:\/\/www.udg.edu\/en\/CampusAigua\" target=\"nou\">Campus UdG Aigua<\/a>. El LEQUIA \u00e9s un &#8220;grup de recerca consolidat&#8221; reconegut per l&#8217;AGAUR (2021-SGR-1352) i t\u00e9 el segell de qualitat <a href=\"http:\/\/www.tecnio.cat\" target=\"nou\">TECNIO<\/a>, que reconeix els agents experts en recerca aplicada i transfer\u00e8ncia tecnol\u00f2gica a Catalunya.<\/p><h4 style=\"text-align: justify;\">L&#8217;equip<\/h4><p style=\"text-align: justify;\">El LEQUIA t\u00e9 un equip de 45 persones, amb professors universitaris, investigadors post-doctorals i pre-doctorals, i personal t\u00e8cnic de suport i de gesti\u00f3. Els projectes del LEQUIA s\u00f3n multidisciplinaris, amb ambient\u00f2legs, qu\u00edmics, bi\u00f2legs, enginyers, inform\u00e0tics i polit\u00f2legs.<\/p><h4>L\u00ednies de recerca<\/h4><ul style=\"text-align: justify;\"><li>Processos innovadors de potabilitzaci\u00f3 i de tractament d\u2019aig\u00fces.<\/li><li>Tractament de gasos i de bioconversi\u00f3 del di\u00f2xid de carboni.<\/li><li>Digitalitzaci\u00f3 i aplicaci\u00f3 de la intel\u00b7lig\u00e8ncia artificial al cicle de l\u2019aigua.<\/li><\/ul><p>\u00a0<\/p>\t\t\t\t\t\t\t\t<\/div>\n\t\t\t\t<\/div>\n\t\t\t\t\t<\/div>\n\t\t<\/div>\n\t\t\t\t<div class=\"elementor-column elementor-col-33 elementor-top-column elementor-element elementor-element-5469e88 ts-bg-color-over-image\" data-id=\"5469e88\" data-element_type=\"column\">\n\t\t\t<div class=\"elementor-widget-wrap elementor-element-populated\">\n\t\t\t\t\t\t<div class=\"elementor-element elementor-element-205a22f elementor-widget elementor-widget-text-editor\" data-id=\"205a22f\" data-element_type=\"widget\" data-widget_type=\"text-editor.default\">\n\t\t\t\t<div class=\"elementor-widget-container\">\n\t\t\t\t\t\t\t\t\t<h4>Equipaments<\/h4><p style=\"text-align: justify;\">El LEQUIA est\u00e0 ubicat a la <a href=\"http:\/\/www.udg.edu\/fc\" target=\"nou\">Facultat de Ci\u00e8ncies de la UdG (Campus Montilivi)<\/a> i al seu <a href=\"http:\/\/www.parcudg.com\" target=\"nou\">Parc Cient\u00edfic i Tecnol\u00f2gic (edifici Jaume Casademont),<\/a> amb una superf\u00edcie total de 550 m<sup>2<\/sup>. Disposa d\u2019un laboratori d\u2019an\u00e0lisi qu\u00edmica; plantes pilot de tractament d\u2019aig\u00fces i captura i bioconversi\u00f3 del di\u00f2xid de carboni a escala de laboratori i semi-industrial, instrumentalitzades i amb diferents configuracions; foto-reactors per a processos avan\u00e7ats d\u2019oxidaci\u00f3, i software de modelitzaci\u00f3 i avaluaci\u00f3 ambiental.<\/p><h4>Projectes<\/h4><p>L&#8217;activitat de recerca es desenvolupa amb ajuts competitius d&#8217;\u00e0mbit nacional i internacional, i contractes de transfer\u00e8ncia amb entitats p\u00fabliques i privades. Entre el 2019 i el 2022, el LEQUIA va obtenir uns ingressos anuals mitjans de 1.57 milions d&#8217;Euros, un 18% dels quals procedents de fons privats.<\/p><h4>Formaci\u00f3 de tercer cicle<\/h4><p>Els nostres investigadors participen molt activament en programes de tercer cicle de la UdG, com el M\u00e0ster en Ci\u00e8ncia i Tecnologia dels Recursos H\u00eddrics o el Programa de Doctorat en Ci\u00e8ncia i Tecnologia de l\u2019Aigua. El grup tamb\u00e9 ha estat beneficiari de diversos projectes dels programes <em>Erasmus+<\/em> i <em>MSCA Doctoral Networks<\/em>.<\/p><h4>Qualitat<\/h4><p>El LEQUIA t\u00e9 implantat un sistema de gesti\u00f3 de la qualitat acreditat per l&#8217;Ag\u00e8ncia per la Competitivitat de l&#8217;Empresa (ACCI\u00d3) basat en les normes ISO 9000 i en el model d&#8217;excel\u00b7l\u00e8ncia EFQM.<\/p><h4>Acreditaci\u00f3 TECNIO<\/h4><p>El LEQUIA \u00e9s un <a href=\"https:\/\/www.accio.gencat.cat\/ca\/accio\/processos-acreditacio\/tecnio\/\" target=\"_blank\" rel=\"noopener\">agent TECNIO<\/a> acreditat per <a href=\"http:\/\/www.accio.gencat.cat\" target=\"_blank\" rel=\"noopener\">ACCI\u00d3<\/a>.<\/p><p><img decoding=\"async\" class=\"alignnone wp-image-14098\" src=\"http:\/\/lequia-udg.com\/wp-content\/uploads\/2025\/03\/segell-acreditacions-entitat-TECNIO-horitzontal-negre-1-300x178.png\" alt=\"\" width=\"88\" height=\"52\" srcset=\"https:\/\/lequia-udg.com\/wp-content\/uploads\/2025\/03\/segell-acreditacions-entitat-TECNIO-horitzontal-negre-1-300x178.png 300w, https:\/\/lequia-udg.com\/wp-content\/uploads\/2025\/03\/segell-acreditacions-entitat-TECNIO-horitzontal-negre-1-768x456.png 768w, https:\/\/lequia-udg.com\/wp-content\/uploads\/2025\/03\/segell-acreditacions-entitat-TECNIO-horitzontal-negre-1.png 939w\" sizes=\"(max-width: 88px) 100vw, 88px\" \/><\/p>\t\t\t\t\t\t\t\t<\/div>\n\t\t\t\t<\/div>\n\t\t\t\t\t<\/div>\n\t\t<\/div>\n\t\t\t\t\t<\/div>\n\t\t<\/section>\n\t\t\t\t<\/div>\n\t\t","protected":false},"excerpt":{"rendered":"<p>El Laboratori d&#8217;Enginyeria Qu\u00edmica i Ambiental (LEQUIA) \u00e9s un grup de recerca de la Universitat de Girona (UdG) dedicat al desenvolupament de solucions eco-innovadores en l&#8217;\u00e0mbit del mediambient. El LEQUIA forma part de l&#8217;Institut de Medi Ambient de la UdG (IMA) i participa activament al Campus UdG Aigua. El LEQUIA \u00e9s un &#8220;grup de recerca &hellip; <a href=\"https:\/\/lequia-udg.com\/ca\/presentacio\/\" class=\"more-link\" title=\"Continue reading <span class=\"screen-reader-text\">Presentaci\u00f3<\/span>&#8220;>Continue reading <span class=\"screen-reader-text\">Presentaci\u00f3<\/span><\/a><\/p>\n","protected":false},"author":1,"featured_media":0,"parent":0,"menu_order":0,"comment_status":"closed","ping_status":"closed","template":"elementor_header_footer","meta":{"footnotes":""},"class_list":["post-456","page","type-page","status-publish","hentry"],"_links":{"self":[{"href":"https:\/\/lequia-udg.com\/ca\/wp-json\/wp\/v2\/pages\/456","targetHints":{"allow":["GET"]}}],"collection":[{"href":"https:\/\/lequia-udg.com\/ca\/wp-json\/wp\/v2\/pages"}],"about":[{"href":"https:\/\/lequia-udg.com\/ca\/wp-json\/wp\/v2\/types\/page"}],"author":[{"embeddable":true,"href":"https:\/\/lequia-udg.com\/ca\/wp-json\/wp\/v2\/users\/1"}],"replies":[{"embeddable":true,"href":"https:\/\/lequia-udg.com\/ca\/wp-json\/wp\/v2\/comments?post=456"}],"version-history":[{"count":21,"href":"https:\/\/lequia-udg.com\/ca\/wp-json\/wp\/v2\/pages\/456\/revisions"}],"predecessor-version":[{"id":14945,"href":"https:\/\/lequia-udg.com\/ca\/wp-json\/wp\/v2\/pages\/456\/revisions\/14945"}],"wp:attachment":[{"href":"https:\/\/lequia-udg.com\/ca\/wp-json\/wp\/v2\/media?parent=456"}],"curies":[{"name":"wp","href":"https:\/\/api.w.org\/{rel}","templated":true}]}}