{"id":461,"date":"2023-10-18T17:24:26","date_gmt":"2023-10-18T17:24:26","guid":{"rendered":"http:\/\/lequia-udg.com\/equipaments\/"},"modified":"2024-03-20T15:32:39","modified_gmt":"2024-03-20T15:32:39","slug":"equipaments","status":"publish","type":"page","link":"https:\/\/lequia-udg.com\/ca\/equipaments\/","title":{"rendered":"Instal\u00b7lacions"},"content":{"rendered":"\t\t<div data-elementor-type=\"wp-page\" data-elementor-id=\"461\" class=\"elementor elementor-461 elementor-398\" data-elementor-post-type=\"page\">\n\t\t\t\t\t\t<section class=\"elementor-section elementor-top-section elementor-element elementor-element-7c05d54 ts-col-stretched-none ts-bg-color-over-image elementor-section-boxed elementor-section-height-default elementor-section-height-default\" data-id=\"7c05d54\" data-element_type=\"section\">\n\t\t\t\t\t\t<div class=\"elementor-container elementor-column-gap-default\">\n\t\t\t\t\t<div class=\"elementor-column elementor-col-100 elementor-top-column elementor-element elementor-element-d84ce4c ts-bg-color-over-image\" data-id=\"d84ce4c\" data-element_type=\"column\">\n\t\t\t<div class=\"elementor-widget-wrap elementor-element-populated\">\n\t\t\t\t\t\t<div class=\"elementor-element elementor-element-49f04ec elementor-widget elementor-widget-spacer\" data-id=\"49f04ec\" data-element_type=\"widget\" data-widget_type=\"spacer.default\">\n\t\t\t\t<div class=\"elementor-widget-container\">\n\t\t\t\t\t\t\t<div class=\"elementor-spacer\">\n\t\t\t<div class=\"elementor-spacer-inner\"><\/div>\n\t\t<\/div>\n\t\t\t\t\t\t<\/div>\n\t\t\t\t<\/div>\n\t\t\t\t\t<\/div>\n\t\t<\/div>\n\t\t\t\t\t<\/div>\n\t\t<\/section>\n\t\t\t\t<section class=\"elementor-section elementor-top-section elementor-element elementor-element-37f5f7f ts-col-stretched-none ts-bg-color-over-image elementor-section-boxed elementor-section-height-default elementor-section-height-default\" data-id=\"37f5f7f\" data-element_type=\"section\">\n\t\t\t\t\t\t<div class=\"elementor-container elementor-column-gap-default\">\n\t\t\t\t\t<div class=\"elementor-column elementor-col-33 elementor-top-column elementor-element elementor-element-549257e ts-bg-color-over-image\" data-id=\"549257e\" data-element_type=\"column\">\n\t\t\t<div class=\"elementor-widget-wrap elementor-element-populated\">\n\t\t\t\t\t\t<div class=\"elementor-element elementor-element-4be5a24 elementor-widget elementor-widget-text-editor\" data-id=\"4be5a24\" data-element_type=\"widget\" data-widget_type=\"text-editor.default\">\n\t\t\t\t<div class=\"elementor-widget-container\">\n\t\t\t\t\t\t\t\t\t<p style=\"text-align: justify;\">El LEQUIA est\u00e0 ubicat a la <a href=\"http:\/\/www.udg.edu\/fc\" target=\"nou\">Facultat de Ci\u00e8ncies de la UdG<\/a> (Campus Montilivi) i al seu <a href=\"http:\/\/www.parcudg.com\" target=\"nou\">Parc Cient\u00edfic i Tecnol\u00f2gic<\/a> (edifici Jaume Casademont), amb una superf\u00edcie total de 550 m<sup>2<\/sup>. Disposa de:<\/p>\n<ul>\n<li style=\"text-align: justify;\">Plantes pilot de tractament d\u2019aig\u00fces i bioconversi\u00f3 del di\u00f2xid de carboni a escala de laboratori i semi-industrial, completament instrumentalitzades i amb diferents configuracions.<\/li>\n<li style=\"text-align: justify;\">Instrumental per al seguiment i control de les plantes pilot.<\/li>\n<li style=\"text-align: justify;\">Laboratori d\u2019an\u00e0lisi qu\u00edmica amb equipament gen\u00e8ric i espec\u00edfic per a la caracteritzaci\u00f3 d\u2019aig\u00fces.<\/li>\n<li style=\"text-align: justify;\">Fotoreactors per a processos avan\u00e7ats d\u2019oxidaci\u00f3.<\/li>\n<li style=\"text-align: justify;\">Software de modelitzaci\u00f3 i evaluaci\u00f3 ambiental.<\/li>\n<li style=\"text-align: justify;\">Acc\u00e9s als serveis t\u00e8cnics de la Universitat de Girona, que ofereixen diferents t\u00e8cniques com ara ICP-MS, RMN, an\u00e0lisi elemental, XRD, XRF, microsc\u00f2pia SEM i TEM, GC-Ms, HPLC.MS i TGA.<\/li>\n<\/ul>\n\t\t\t\t\t\t\t\t<\/div>\n\t\t\t\t<\/div>\n\t\t\t\t\t<\/div>\n\t\t<\/div>\n\t\t\t\t<div class=\"elementor-column elementor-col-66 elementor-top-column elementor-element elementor-element-14eabae ts-bg-color-over-image\" data-id=\"14eabae\" data-element_type=\"column\">\n\t\t\t<div class=\"elementor-widget-wrap elementor-element-populated\">\n\t\t\t\t\t\t<div class=\"elementor-element elementor-element-ad2a636 elementor-widget elementor-widget-image\" data-id=\"ad2a636\" data-element_type=\"widget\" data-widget_type=\"image.default\">\n\t\t\t\t<div class=\"elementor-widget-container\">\n\t\t\t\t\t\t\t\t\t\t\t\t\t\t\t<img fetchpriority=\"high\" decoding=\"async\" width=\"768\" height=\"801\" src=\"https:\/\/lequia-udg.com\/wp-content\/uploads\/2023\/12\/Instal\u00b7lacions-768x801.jpg\" class=\"attachment-medium_large size-medium_large wp-image-1740\" alt=\"\" srcset=\"https:\/\/lequia-udg.com\/wp-content\/uploads\/2023\/12\/Instal\u00b7lacions-768x801.jpg 768w, https:\/\/lequia-udg.com\/wp-content\/uploads\/2023\/12\/Instal\u00b7lacions-288x300.jpg 288w, https:\/\/lequia-udg.com\/wp-content\/uploads\/2023\/12\/Instal\u00b7lacions.jpg 800w\" sizes=\"(max-width: 768px) 100vw, 768px\" \/>\t\t\t\t\t\t\t\t\t\t\t\t\t\t\t<\/div>\n\t\t\t\t<\/div>\n\t\t\t\t\t<\/div>\n\t\t<\/div>\n\t\t\t\t\t<\/div>\n\t\t<\/section>\n\t\t\t\t<\/div>\n\t\t","protected":false},"excerpt":{"rendered":"<p>El LEQUIA est\u00e0 ubicat a la Facultat de Ci\u00e8ncies de la UdG (Campus Montilivi) i al seu Parc Cient\u00edfic i Tecnol\u00f2gic (edifici Jaume Casademont), amb una superf\u00edcie total de 550 m2. Disposa de: Plantes pilot de tractament d\u2019aig\u00fces i bioconversi\u00f3 del di\u00f2xid de carboni a escala de laboratori i semi-industrial, completament instrumentalitzades i amb diferents &hellip; <a href=\"https:\/\/lequia-udg.com\/ca\/equipaments\/\" class=\"more-link\" title=\"Continue reading <span class=\"screen-reader-text\">Instal\u00b7lacions<\/span>&#8220;>Continue reading <span class=\"screen-reader-text\">Instal\u00b7lacions<\/span><\/a><\/p>\n","protected":false},"author":1,"featured_media":0,"parent":0,"menu_order":0,"comment_status":"closed","ping_status":"closed","template":"elementor_header_footer","meta":{"footnotes":""},"class_list":["post-461","page","type-page","status-publish","hentry"],"_links":{"self":[{"href":"https:\/\/lequia-udg.com\/ca\/wp-json\/wp\/v2\/pages\/461","targetHints":{"allow":["GET"]}}],"collection":[{"href":"https:\/\/lequia-udg.com\/ca\/wp-json\/wp\/v2\/pages"}],"about":[{"href":"https:\/\/lequia-udg.com\/ca\/wp-json\/wp\/v2\/types\/page"}],"author":[{"embeddable":true,"href":"https:\/\/lequia-udg.com\/ca\/wp-json\/wp\/v2\/users\/1"}],"replies":[{"embeddable":true,"href":"https:\/\/lequia-udg.com\/ca\/wp-json\/wp\/v2\/comments?post=461"}],"version-history":[{"count":18,"href":"https:\/\/lequia-udg.com\/ca\/wp-json\/wp\/v2\/pages\/461\/revisions"}],"predecessor-version":[{"id":10818,"href":"https:\/\/lequia-udg.com\/ca\/wp-json\/wp\/v2\/pages\/461\/revisions\/10818"}],"wp:attachment":[{"href":"https:\/\/lequia-udg.com\/ca\/wp-json\/wp\/v2\/media?parent=461"}],"curies":[{"name":"wp","href":"https:\/\/api.w.org\/{rel}","templated":true}]}}