{"id":490,"date":"2018-08-03T08:41:52","date_gmt":"2018-08-03T08:41:52","guid":{"rendered":"http:\/\/lequia-udg.com\/permanent-staff\/"},"modified":"2024-09-30T13:31:00","modified_gmt":"2024-09-30T13:31:00","slug":"permanent-staff","status":"publish","type":"page","link":"https:\/\/lequia-udg.com\/ca\/permanent-staff\/","title":{"rendered":"STAFF Permanent"},"content":{"rendered":"\t\t<div data-elementor-type=\"wp-page\" data-elementor-id=\"490\" class=\"elementor elementor-490 elementor-88\" data-elementor-post-type=\"page\">\n\t\t\t\t\t\t<section class=\"elementor-section elementor-top-section elementor-element elementor-element-24fa9a6 elementor-section-stretched ts-col-stretched-none ts-bg-color-over-image elementor-section-boxed elementor-section-height-default elementor-section-height-default\" data-id=\"24fa9a6\" data-element_type=\"section\" data-settings=\"{&quot;stretch_section&quot;:&quot;section-stretched&quot;}\">\n\t\t\t\t\t\t<div class=\"elementor-container elementor-column-gap-no\">\n\t\t\t\t\t<div class=\"elementor-column elementor-col-100 elementor-top-column elementor-element elementor-element-6a4db96 ts-bg-image-over-color\" data-id=\"6a4db96\" data-element_type=\"column\">\n\t\t\t<div class=\"elementor-widget-wrap elementor-element-populated\">\n\t\t\t\t\t\t<div class=\"elementor-element elementor-element-cd6e290 elementor-widget elementor-widget-ts_team_element\" data-id=\"cd6e290\" data-element_type=\"widget\" data-widget_type=\"ts_team_element.default\">\n\t\t\t\t<div class=\"elementor-widget-container\">\n\t\t\t\t\t<div class=\"themestek-boxes themestek-boxes-team themestek-boxes-element-team-style-1 themestek-boxes-view-default themestek-boxes-col-four themestek-boxes-sortable- themestek-boxes-textalign- themestek-boxes-sortablebutton- themestek-boxes-spacing-default\">\r\n\t\t<div class=\"themestek-boxes-inner themestek-boxes-team-inner \">\t<div class=\"ts-heading-subheading \"><h2 class=\"ts-custom-heading ts-custom-heading-title\">\r\n\t\t\t\r\n\t\t\t\tPermanent staff\r\n\t\t\t\r\n\t\t\t<\/h2>\r\n\t\t<\/div>\r\n\t\t\t\r\n\t\t\t<div class=\"row multi-columns-row themestek-boxes-row-wrapper\">\r\n\t\t\t\t<div class=\"ts-box-col-wrapper col-lg-3 col-sm-6 col-md-3 col-xs-12 ts-term-41\"><article class=\"themestek-box themestek-box-team ts-teambox-style-1  ts-hover-style-2\">\r\n\t<div class=\"themestek-post-item\">\r\n\t\t\r\n\t\t<span class=\"themestek-item-thumbnail\">\r\n\t\t\t<span class=\"themestek-item-thumbnail-inner\">\r\n\t\t\t\t<img fetchpriority=\"high\" decoding=\"async\" width=\"600\" height=\"590\" src=\"https:\/\/lequia-udg.com\/wp-content\/uploads\/2023\/11\/Dr-Joaquim-Comas-Matas-600x590.jpg\" class=\"attachment-themestek-img-600x712 size-themestek-img-600x712 wp-post-image\" alt=\"\" \/>\r\n\t\t\t<\/span>\r\n\t\t<\/span>\r\n\t\t<div class=\"themestek-box-content\">\r\n            <div class=\"themestek-box-content-inner\">\t\t  \r\n\t\t\t \r\n\t\t\t\t<div class=\"themestek-box-team-position ts-skincolor\">\r\n\t\t\t\t\t\t\t\t\t<\/div>\r\n\t\t\t\t<div class=\"themestek-pf-box-title\">\r\n\t\t\t\t\t<div class=\"themestek-box-title\"><h4><a title=\"Dr. Joaquim Comas Matas\" href=\"https:\/\/lequia-udg.com\/ca\/team\/dr-joaquim-comas-matas\/\">Dr. Joaquim Comas Matas<\/a><\/h4><\/div>\t\t\t\t<\/div> \r\n\r\n\t\t\t<\/div>\t\t\r\n\t\t<\/div>\r\n\t<\/div>\r\n<\/article><\/div><div class=\"ts-box-col-wrapper col-lg-3 col-sm-6 col-md-3 col-xs-12 ts-term-41\"><article class=\"themestek-box themestek-box-team ts-teambox-style-1  ts-hover-style-2\">\r\n\t<div class=\"themestek-post-item\">\r\n\t\t\r\n\t\t<span class=\"themestek-item-thumbnail\">\r\n\t\t\t<span class=\"themestek-item-thumbnail-inner\">\r\n\t\t\t\t<img decoding=\"async\" width=\"600\" height=\"590\" src=\"https:\/\/lequia-udg.com\/wp-content\/uploads\/2023\/11\/Dr-Maria-Martin-Sanchez-600x590.jpg\" class=\"attachment-themestek-img-600x712 size-themestek-img-600x712 wp-post-image\" alt=\"\" \/>\r\n\t\t\t<\/span>\r\n\t\t<\/span>\r\n\t\t<div class=\"themestek-box-content\">\r\n            <div class=\"themestek-box-content-inner\">\t\t  \r\n\t\t\t \r\n\t\t\t\t<div class=\"themestek-box-team-position ts-skincolor\">\r\n\t\t\t\t\t\t\t\t\t<\/div>\r\n\t\t\t\t<div class=\"themestek-pf-box-title\">\r\n\t\t\t\t\t<div class=\"themestek-box-title\"><h4><a title=\"Dra. Maria Mart\u00edn S\u00e1nchez\" href=\"https:\/\/lequia-udg.com\/ca\/team\/dr-maria-martin-sanchez\/\">Dra. Maria Mart\u00edn S\u00e1nchez<\/a><\/h4><\/div>\t\t\t\t<\/div> \r\n\r\n\t\t\t<\/div>\t\t\r\n\t\t<\/div>\r\n\t<\/div>\r\n<\/article><\/div><div class=\"ts-box-col-wrapper col-lg-3 col-sm-6 col-md-3 col-xs-12 ts-term-41\"><article class=\"themestek-box themestek-box-team ts-teambox-style-1  ts-hover-style-2\">\r\n\t<div class=\"themestek-post-item\">\r\n\t\t\r\n\t\t<span class=\"themestek-item-thumbnail\">\r\n\t\t\t<span class=\"themestek-item-thumbnail-inner\">\r\n\t\t\t\t<img decoding=\"async\" width=\"600\" height=\"590\" src=\"https:\/\/lequia-udg.com\/wp-content\/uploads\/2023\/11\/Dr-Maria-Dolors-Balaguer-Condom-600x590.jpg\" class=\"attachment-themestek-img-600x712 size-themestek-img-600x712 wp-post-image\" alt=\"\" \/>\r\n\t\t\t<\/span>\r\n\t\t<\/span>\r\n\t\t<div class=\"themestek-box-content\">\r\n            <div class=\"themestek-box-content-inner\">\t\t  \r\n\t\t\t \r\n\t\t\t\t<div class=\"themestek-box-team-position ts-skincolor\">\r\n\t\t\t\t\t\t\t\t\t<\/div>\r\n\t\t\t\t<div class=\"themestek-pf-box-title\">\r\n\t\t\t\t\t<div class=\"themestek-box-title\"><h4><a title=\"Dra. Maria Dolors Balaguer Condom\" href=\"https:\/\/lequia-udg.com\/ca\/team\/dr-maria-dolors-balaguer-condom\/\">Dra. Maria Dolors Balaguer Condom<\/a><\/h4><\/div>\t\t\t\t<\/div> \r\n\r\n\t\t\t<\/div>\t\t\r\n\t\t<\/div>\r\n\t<\/div>\r\n<\/article><\/div><div class=\"ts-box-col-wrapper col-lg-3 col-sm-6 col-md-3 col-xs-12 ts-term-41\"><article class=\"themestek-box themestek-box-team ts-teambox-style-1  ts-hover-style-2\">\r\n\t<div class=\"themestek-post-item\">\r\n\t\t\r\n\t\t<span class=\"themestek-item-thumbnail\">\r\n\t\t\t<span class=\"themestek-item-thumbnail-inner\">\r\n\t\t\t\t<img loading=\"lazy\" decoding=\"async\" width=\"600\" height=\"590\" src=\"https:\/\/lequia-udg.com\/wp-content\/uploads\/2023\/11\/Dr-Sebastia-Puig-Broch-600x590.jpg\" class=\"attachment-themestek-img-600x712 size-themestek-img-600x712 wp-post-image\" alt=\"\" \/>\r\n\t\t\t<\/span>\r\n\t\t<\/span>\r\n\t\t<div class=\"themestek-box-content\">\r\n            <div class=\"themestek-box-content-inner\">\t\t  \r\n\t\t\t \r\n\t\t\t\t<div class=\"themestek-box-team-position ts-skincolor\">\r\n\t\t\t\t\t\t\t\t\t<\/div>\r\n\t\t\t\t<div class=\"themestek-pf-box-title\">\r\n\t\t\t\t\t<div class=\"themestek-box-title\"><h4><a title=\"Dr. Sebasti\u00e0 Puig Broch\" href=\"https:\/\/lequia-udg.com\/ca\/team\/dr-sebastia-puig-broch\/\">Dr. Sebasti\u00e0 Puig Broch<\/a><\/h4><\/div>\t\t\t\t<\/div> \r\n\r\n\t\t\t<\/div>\t\t\r\n\t\t<\/div>\r\n\t<\/div>\r\n<\/article><\/div><div class=\"ts-box-col-wrapper col-lg-3 col-sm-6 col-md-3 col-xs-12 ts-term-41\"><article class=\"themestek-box themestek-box-team ts-teambox-style-1  ts-hover-style-2\">\r\n\t<div class=\"themestek-post-item\">\r\n\t\t\r\n\t\t<span class=\"themestek-item-thumbnail\">\r\n\t\t\t<span class=\"themestek-item-thumbnail-inner\">\r\n\t\t\t\t<img loading=\"lazy\" decoding=\"async\" width=\"600\" height=\"590\" src=\"https:\/\/lequia-udg.com\/wp-content\/uploads\/2023\/11\/Dr-Marta-Verdaguer-Planas-600x590.jpg\" class=\"attachment-themestek-img-600x712 size-themestek-img-600x712 wp-post-image\" alt=\"\" \/>\r\n\t\t\t<\/span>\r\n\t\t<\/span>\r\n\t\t<div class=\"themestek-box-content\">\r\n            <div class=\"themestek-box-content-inner\">\t\t  \r\n\t\t\t \r\n\t\t\t\t<div class=\"themestek-box-team-position ts-skincolor\">\r\n\t\t\t\t\t\t\t\t\t<\/div>\r\n\t\t\t\t<div class=\"themestek-pf-box-title\">\r\n\t\t\t\t\t<div class=\"themestek-box-title\"><h4><a title=\"Dra. Marta Verdaguer Planas\" href=\"https:\/\/lequia-udg.com\/ca\/team\/dr-marta-verdaguer-planas\/\">Dra. Marta Verdaguer Planas<\/a><\/h4><\/div>\t\t\t\t<\/div> \r\n\r\n\t\t\t<\/div>\t\t\r\n\t\t<\/div>\r\n\t<\/div>\r\n<\/article><\/div><div class=\"ts-box-col-wrapper col-lg-3 col-sm-6 col-md-3 col-xs-12 ts-term-41\"><article class=\"themestek-box themestek-box-team ts-teambox-style-1  ts-hover-style-2\">\r\n\t<div class=\"themestek-post-item\">\r\n\t\t\r\n\t\t<span class=\"themestek-item-thumbnail\">\r\n\t\t\t<span class=\"themestek-item-thumbnail-inner\">\r\n\t\t\t\t<img loading=\"lazy\" decoding=\"async\" width=\"600\" height=\"590\" src=\"https:\/\/lequia-udg.com\/wp-content\/uploads\/2023\/11\/Dr-Hector-Monclus-Sales-600x590.jpg\" class=\"attachment-themestek-img-600x712 size-themestek-img-600x712 wp-post-image\" alt=\"\" \/>\r\n\t\t\t<\/span>\r\n\t\t<\/span>\r\n\t\t<div class=\"themestek-box-content\">\r\n            <div class=\"themestek-box-content-inner\">\t\t  \r\n\t\t\t \r\n\t\t\t\t<div class=\"themestek-box-team-position ts-skincolor\">\r\n\t\t\t\t\t\t\t\t\t<\/div>\r\n\t\t\t\t<div class=\"themestek-pf-box-title\">\r\n\t\t\t\t\t<div class=\"themestek-box-title\"><h4><a title=\"Dr. H\u00e8ctor Moncl\u00fas Sales\" href=\"https:\/\/lequia-udg.com\/ca\/team\/dr-hector-monclus-sales\/\">Dr. H\u00e8ctor Moncl\u00fas Sales<\/a><\/h4><\/div>\t\t\t\t<\/div> \r\n\r\n\t\t\t<\/div>\t\t\r\n\t\t<\/div>\r\n\t<\/div>\r\n<\/article><\/div><div class=\"ts-box-col-wrapper col-lg-3 col-sm-6 col-md-3 col-xs-12 ts-term-41\"><article class=\"themestek-box themestek-box-team ts-teambox-style-1  ts-hover-style-2\">\r\n\t<div class=\"themestek-post-item\">\r\n\t\t\r\n\t\t<span class=\"themestek-item-thumbnail\">\r\n\t\t\t<span class=\"themestek-item-thumbnail-inner\">\r\n\t\t\t\t<img loading=\"lazy\" decoding=\"async\" width=\"600\" height=\"587\" src=\"https:\/\/lequia-udg.com\/wp-content\/uploads\/2023\/11\/Dr-Ignasi-Rodriguez-Roda-Layret-600x587.png\" class=\"attachment-themestek-img-600x712 size-themestek-img-600x712 wp-post-image\" alt=\"\" \/>\r\n\t\t\t<\/span>\r\n\t\t<\/span>\r\n\t\t<div class=\"themestek-box-content\">\r\n            <div class=\"themestek-box-content-inner\">\t\t  \r\n\t\t\t \r\n\t\t\t\t<div class=\"themestek-box-team-position ts-skincolor\">\r\n\t\t\t\t\t\t\t\t\t<\/div>\r\n\t\t\t\t<div class=\"themestek-pf-box-title\">\r\n\t\t\t\t\t<div class=\"themestek-box-title\"><h4><a title=\"Dr. Ignasi Rodr\u00edguez-Roda Layret\" href=\"https:\/\/lequia-udg.com\/ca\/team\/dr-ignasi-rodriguez-roda-layret\/\">Dr. Ignasi Rodr\u00edguez-Roda Layret<\/a><\/h4><\/div>\t\t\t\t<\/div> \r\n\r\n\t\t\t<\/div>\t\t\r\n\t\t<\/div>\r\n\t<\/div>\r\n<\/article><\/div><div class=\"ts-box-col-wrapper col-lg-3 col-sm-6 col-md-3 col-xs-12 ts-term-41\"><article class=\"themestek-box themestek-box-team ts-teambox-style-1  ts-hover-style-2\">\r\n\t<div class=\"themestek-post-item\">\r\n\t\t\r\n\t\t<span class=\"themestek-item-thumbnail\">\r\n\t\t\t<span class=\"themestek-item-thumbnail-inner\">\r\n\t\t\t\t<img loading=\"lazy\" decoding=\"async\" width=\"600\" height=\"590\" src=\"https:\/\/lequia-udg.com\/wp-content\/uploads\/2023\/11\/Dr-Manel-Poch-Espallargas-600x590.jpg\" class=\"attachment-themestek-img-600x712 size-themestek-img-600x712 wp-post-image\" alt=\"\" \/>\r\n\t\t\t<\/span>\r\n\t\t<\/span>\r\n\t\t<div class=\"themestek-box-content\">\r\n            <div class=\"themestek-box-content-inner\">\t\t  \r\n\t\t\t \r\n\t\t\t\t<div class=\"themestek-box-team-position ts-skincolor\">\r\n\t\t\t\t\t\t\t\t\t<\/div>\r\n\t\t\t\t<div class=\"themestek-pf-box-title\">\r\n\t\t\t\t\t<div class=\"themestek-box-title\"><h4><a title=\"Dr. Manel Poch Espallargas\" href=\"https:\/\/lequia-udg.com\/ca\/team\/dr-manel-poch-espallargas\/\">Dr. Manel Poch Espallargas<\/a><\/h4><\/div>\t\t\t\t<\/div> \r\n\r\n\t\t\t<\/div>\t\t\r\n\t\t<\/div>\r\n\t<\/div>\r\n<\/article><\/div><div class=\"ts-box-col-wrapper col-lg-3 col-sm-6 col-md-3 col-xs-12 ts-term-41\"><article class=\"themestek-box themestek-box-team ts-teambox-style-1  ts-hover-style-2\">\r\n\t<div class=\"themestek-post-item\">\r\n\t\t\r\n\t\t<span class=\"themestek-item-thumbnail\">\r\n\t\t\t<span class=\"themestek-item-thumbnail-inner\">\r\n\t\t\t\t<img loading=\"lazy\" decoding=\"async\" width=\"600\" height=\"590\" src=\"https:\/\/lequia-udg.com\/wp-content\/uploads\/2023\/11\/Dr-Jesus-Colprim-Galceran-600x590.jpg\" class=\"attachment-themestek-img-600x712 size-themestek-img-600x712 wp-post-image\" alt=\"\" \/>\r\n\t\t\t<\/span>\r\n\t\t<\/span>\r\n\t\t<div class=\"themestek-box-content\">\r\n            <div class=\"themestek-box-content-inner\">\t\t  \r\n\t\t\t \r\n\t\t\t\t<div class=\"themestek-box-team-position ts-skincolor\">\r\n\t\t\t\t\t\t\t\t\t<\/div>\r\n\t\t\t\t<div class=\"themestek-pf-box-title\">\r\n\t\t\t\t\t<div class=\"themestek-box-title\"><h4><a title=\"Dr. Jes\u00fas Colprim Galcer\u00e1n\" href=\"https:\/\/lequia-udg.com\/ca\/team\/dr-jesus-colprim-galceran\/\">Dr. Jes\u00fas Colprim Galcer\u00e1n<\/a><\/h4><\/div>\t\t\t\t<\/div> \r\n\r\n\t\t\t<\/div>\t\t\r\n\t\t<\/div>\r\n\t<\/div>\r\n<\/article><\/div>\r\n\t\t\t<\/div>\r\n\t\t<\/div><!-- .themestek-boxes-inner -->   <\/div><!-- .themestek-boxes -->  \t\t\t\t<\/div>\n\t\t\t\t<\/div>\n\t\t\t\t\t<\/div>\n\t\t<\/div>\n\t\t\t\t\t<\/div>\n\t\t<\/section>\n\t\t\t\t<\/div>\n\t\t","protected":false},"excerpt":{"rendered":"<p>Permanent staff Dr Ignasi Rodr\u00edguez-Roda Layret Dr Maria Dolors Balaguer Condom Dr Jes\u00fas Colprim Galcer\u00e1n Dr Marta Verdaguer Planas Dr Maria Mart\u00edn S\u00e1nchez Dr Sebasti\u00e0 Puig Broch Dr Manel Poch Espallargas Dr Joaquim Comas Matas<\/p>\n","protected":false},"author":1,"featured_media":0,"parent":0,"menu_order":16,"comment_status":"closed","ping_status":"closed","template":"","meta":{"footnotes":""},"class_list":["post-490","page","type-page","status-publish","hentry"],"_links":{"self":[{"href":"https:\/\/lequia-udg.com\/ca\/wp-json\/wp\/v2\/pages\/490","targetHints":{"allow":["GET"]}}],"collection":[{"href":"https:\/\/lequia-udg.com\/ca\/wp-json\/wp\/v2\/pages"}],"about":[{"href":"https:\/\/lequia-udg.com\/ca\/wp-json\/wp\/v2\/types\/page"}],"author":[{"embeddable":true,"href":"https:\/\/lequia-udg.com\/ca\/wp-json\/wp\/v2\/users\/1"}],"replies":[{"embeddable":true,"href":"https:\/\/lequia-udg.com\/ca\/wp-json\/wp\/v2\/comments?post=490"}],"version-history":[{"count":32,"href":"https:\/\/lequia-udg.com\/ca\/wp-json\/wp\/v2\/pages\/490\/revisions"}],"predecessor-version":[{"id":13404,"href":"https:\/\/lequia-udg.com\/ca\/wp-json\/wp\/v2\/pages\/490\/revisions\/13404"}],"wp:attachment":[{"href":"https:\/\/lequia-udg.com\/ca\/wp-json\/wp\/v2\/media?parent=490"}],"curies":[{"name":"wp","href":"https:\/\/api.w.org\/{rel}","templated":true}]}}