{"id":7817,"date":"2023-11-21T15:05:55","date_gmt":"2023-11-21T15:05:55","guid":{"rendered":"http:\/\/lequia-udg.com\/cataleg-de-recerca\/"},"modified":"2024-03-20T19:07:39","modified_gmt":"2024-03-20T19:07:39","slug":"cataleg-de-recerca","status":"publish","type":"page","link":"https:\/\/lequia-udg.com\/ca\/cataleg-de-recerca\/","title":{"rendered":"Cat\u00e0leg de recerca"},"content":{"rendered":"\t\t<div data-elementor-type=\"wp-page\" data-elementor-id=\"7817\" class=\"elementor elementor-7817 elementor-1074\" data-elementor-post-type=\"page\">\n\t\t\t\t\t\t<section class=\"elementor-section elementor-top-section elementor-element elementor-element-d1bdffc ts-col-stretched-none ts-bg-color-over-image elementor-section-boxed elementor-section-height-default elementor-section-height-default\" data-id=\"d1bdffc\" data-element_type=\"section\">\n\t\t\t\t\t\t<div class=\"elementor-container elementor-column-gap-default\">\n\t\t\t\t\t<div class=\"elementor-column elementor-col-100 elementor-top-column elementor-element elementor-element-e98a9b7 ts-bg-color-over-image\" data-id=\"e98a9b7\" data-element_type=\"column\">\n\t\t\t<div class=\"elementor-widget-wrap elementor-element-populated\">\n\t\t\t\t\t\t<div class=\"elementor-element elementor-element-572a6cc elementor-widget elementor-widget-ts_service_element\" data-id=\"572a6cc\" data-element_type=\"widget\" data-widget_type=\"ts_service_element.default\">\n\t\t\t\t<div class=\"elementor-widget-container\">\n\t\t\t\t\t<div class=\"themestek-boxes themestek-boxes-service themestek-boxes-element-service-style-1 themestek-boxes-view-default themestek-boxes-col-four themestek-boxes-sortable- themestek-boxes-textalign- themestek-boxes-sortablebutton- themestek-boxes-spacing-default\">\r\n\t\t<div class=\"themestek-boxes-inner themestek-boxes-service-inner \">\t<div class=\"ts-heading-subheading \"><h2 class=\"ts-custom-heading ts-custom-heading-title\">\r\n\t\t\t\r\n\t\t\t\tCat\u00e0leg de recerca\r\n\t\t\t\r\n\t\t\t<\/h2>\r\n\t\t<\/div>\r\n\t\t\t\r\n\t\t\t<div class=\"row multi-columns-row themestek-boxes-row-wrapper\">\r\n\t\t\t\t<div class=\"ts-box-col-wrapper col-lg-3 col-sm-6 col-md-3 col-xs-12 ts-term-52\"><article class=\"themestek-box themestek-box-service ts-servicebox-style-1\">\r\n\t<div class=\"themestek-post-item\">\r\n\t\t<div class=\"ts-featured-wrapper ts-ts-service-featured-wrapper\"><img fetchpriority=\"high\" decoding=\"async\" width=\"885\" height=\"664\" src=\"https:\/\/lequia-udg.com\/wp-content\/uploads\/2023\/11\/Sistemes-bioelectroquimics-per-a-la-remediacio-daigues.jpg\" class=\"attachment-themestek-img-800x700 size-themestek-img-800x700 wp-post-image\" alt=\"\" \/><\/div>\t\t<div class=\"themestek-box-content\">\r\n            <div class=\"themestek-box-content-inner\">\t\t\t  \r\n\t\t\t\t\r\n\t\t\t\t<div class=\"themestek-pf-box-title\">\r\n\t\t\t\t\t<div class=\"themestek-box-category\"><a href=\"https:\/\/lequia-udg.com\/ca\/service-category\/research-portfolio-ca\/\">Cat\u00e0leg de recerca<\/a><\/div>\r\n\t\t\t\t\t<h3><a title=\"(Electro)bioremediaci\u00f3 d&#8217;aigua\" href=\"https:\/\/lequia-udg.com\/ca\/service\/sistemes-bioelectroquimics-per-a-la-remediacio-daigues\/\">(Electro)bioremediaci\u00f3 d&#8217;aigua<\/a><\/h3>\t\t\t\t\t\r\n\t\t\t\t<\/div>\r\n\r\n\t\t\t\t   \r\n\t\t\t<\/div>\t\t\r\n\t\t<\/div>\r\n\t<\/div>\r\n<\/article><\/div><div class=\"ts-box-col-wrapper col-lg-3 col-sm-6 col-md-3 col-xs-12 ts-term-52\"><article class=\"themestek-box themestek-box-service ts-servicebox-style-1\">\r\n\t<div class=\"themestek-post-item\">\r\n\t\t<div class=\"ts-featured-wrapper ts-ts-service-featured-wrapper\"><img decoding=\"async\" width=\"885\" height=\"664\" src=\"https:\/\/lequia-udg.com\/wp-content\/uploads\/2023\/11\/Sistemes-dajut-a-la-decisio-en-dominis-ambientals-EDSS.jpg\" class=\"attachment-themestek-img-800x700 size-themestek-img-800x700 wp-post-image\" alt=\"\" \/><\/div>\t\t<div class=\"themestek-box-content\">\r\n            <div class=\"themestek-box-content-inner\">\t\t\t  \r\n\t\t\t\t\r\n\t\t\t\t<div class=\"themestek-pf-box-title\">\r\n\t\t\t\t\t<div class=\"themestek-box-category\"><a href=\"https:\/\/lequia-udg.com\/ca\/service-category\/research-portfolio-ca\/\">Cat\u00e0leg de recerca<\/a><\/div>\r\n\t\t\t\t\t<h3><a title=\"Digitalitzaci\u00f3 del cicle urb\u00e0 de l&#8217;aigua\" href=\"https:\/\/lequia-udg.com\/ca\/service\/sistemes-dajut-a-la-decisio-en-dominis-ambientals-edss\/\">Digitalitzaci\u00f3 del cicle urb\u00e0 de l&#8217;aigua<\/a><\/h3>\t\t\t\t\t\r\n\t\t\t\t<\/div>\r\n\r\n\t\t\t\t   \r\n\t\t\t<\/div>\t\t\r\n\t\t<\/div>\r\n\t<\/div>\r\n<\/article><\/div><div class=\"ts-box-col-wrapper col-lg-3 col-sm-6 col-md-3 col-xs-12 ts-term-52\"><article class=\"themestek-box themestek-box-service ts-servicebox-style-1\">\r\n\t<div class=\"themestek-post-item\">\r\n\t\t<div class=\"ts-featured-wrapper ts-ts-service-featured-wrapper\"><img decoding=\"async\" width=\"885\" height=\"664\" src=\"https:\/\/lequia-udg.com\/wp-content\/uploads\/2023\/11\/Membranes-per-al-tractament-daigues-i-recuperacio-de-recursos.jpg\" class=\"attachment-themestek-img-800x700 size-themestek-img-800x700 wp-post-image\" alt=\"\" \/><\/div>\t\t<div class=\"themestek-box-content\">\r\n            <div class=\"themestek-box-content-inner\">\t\t\t  \r\n\t\t\t\t\r\n\t\t\t\t<div class=\"themestek-pf-box-title\">\r\n\t\t\t\t\t<div class=\"themestek-box-category\"><a href=\"https:\/\/lequia-udg.com\/ca\/service-category\/research-portfolio-ca\/\">Cat\u00e0leg de recerca<\/a><\/div>\r\n\t\t\t\t\t<h3><a title=\"Membranes per al tractament d\u2019aig\u00fces i la recuperaci\u00f3 de recursos\" href=\"https:\/\/lequia-udg.com\/ca\/service\/membranes-per-al-tractament-daigues-i-recuperacio-de-recursos\/\">Membranes per al tractament d\u2019aig\u00fces i la recuperaci\u00f3 de recursos<\/a><\/h3>\t\t\t\t\t\r\n\t\t\t\t<\/div>\r\n\r\n\t\t\t\t   \r\n\t\t\t<\/div>\t\t\r\n\t\t<\/div>\r\n\t<\/div>\r\n<\/article><\/div><div class=\"ts-box-col-wrapper col-lg-3 col-sm-6 col-md-3 col-xs-12 ts-term-52\"><article class=\"themestek-box themestek-box-service ts-servicebox-style-1\">\r\n\t<div class=\"themestek-post-item\">\r\n\t\t<div class=\"ts-featured-wrapper ts-ts-service-featured-wrapper\"><img loading=\"lazy\" decoding=\"async\" width=\"885\" height=\"664\" src=\"https:\/\/lequia-udg.com\/wp-content\/uploads\/2023\/11\/Phosphorous-recovery-from-wastewater.jpg\" class=\"attachment-themestek-img-800x700 size-themestek-img-800x700 wp-post-image\" alt=\"\" \/><\/div>\t\t<div class=\"themestek-box-content\">\r\n            <div class=\"themestek-box-content-inner\">\t\t\t  \r\n\t\t\t\t\r\n\t\t\t\t<div class=\"themestek-pf-box-title\">\r\n\t\t\t\t\t<div class=\"themestek-box-category\"><a href=\"https:\/\/lequia-udg.com\/ca\/service-category\/research-portfolio-ca\/\">Cat\u00e0leg de recerca<\/a><\/div>\r\n\t\t\t\t\t<h3><a title=\"Precipitaci\u00f3 i recuperaci\u00f3 de f\u00f2sfor d\u2019aig\u00fces residuals i efluents org\u00e0nics l\u00edquids\" href=\"https:\/\/lequia-udg.com\/ca\/service\/recuperacio-de-fosfor-daigues-residuals\/\">Precipitaci\u00f3 i recuperaci\u00f3 de f\u00f2sfor d\u2019aig\u00fces residuals i efluents org\u00e0nics l\u00edquids<\/a><\/h3>\t\t\t\t\t\r\n\t\t\t\t<\/div>\r\n\r\n\t\t\t\t   \r\n\t\t\t<\/div>\t\t\r\n\t\t<\/div>\r\n\t<\/div>\r\n<\/article><\/div><div class=\"ts-box-col-wrapper col-lg-3 col-sm-6 col-md-3 col-xs-12 ts-term-52\"><article class=\"themestek-box themestek-box-service ts-servicebox-style-1\">\r\n\t<div class=\"themestek-post-item\">\r\n\t\t<div class=\"ts-featured-wrapper ts-ts-service-featured-wrapper\"><img loading=\"lazy\" decoding=\"async\" width=\"885\" height=\"705\" src=\"https:\/\/lequia-udg.com\/wp-content\/uploads\/2023\/11\/Anammox-based-autotrophic-nitrogen-removal-from-wastewater.jpg\" class=\"attachment-themestek-img-800x700 size-themestek-img-800x700 wp-post-image\" alt=\"\" \/><\/div>\t\t<div class=\"themestek-box-content\">\r\n            <div class=\"themestek-box-content-inner\">\t\t\t  \r\n\t\t\t\t\r\n\t\t\t\t<div class=\"themestek-pf-box-title\">\r\n\t\t\t\t\t<div class=\"themestek-box-category\"><a href=\"https:\/\/lequia-udg.com\/ca\/service-category\/research-portfolio-ca\/\">Cat\u00e0leg de recerca<\/a><\/div>\r\n\t\t\t\t\t<h3><a title=\"Proc\u00e9s autotr\u00f2fic Anammox per eliminar nitrogen d\u2019aig\u00fces residuals\" href=\"https:\/\/lequia-udg.com\/ca\/service\/eliminacio-autotrofica-de-nitrogen-daigues-residuals-en-un-proces-anammox\/\">Proc\u00e9s autotr\u00f2fic Anammox per eliminar nitrogen d\u2019aig\u00fces residuals<\/a><\/h3>\t\t\t\t\t\r\n\t\t\t\t<\/div>\r\n\r\n\t\t\t\t   \r\n\t\t\t<\/div>\t\t\r\n\t\t<\/div>\r\n\t<\/div>\r\n<\/article><\/div><div class=\"ts-box-col-wrapper col-lg-3 col-sm-6 col-md-3 col-xs-12 ts-term-52\"><article class=\"themestek-box themestek-box-service ts-servicebox-style-1\">\r\n\t<div class=\"themestek-post-item\">\r\n\t\t<div class=\"ts-featured-wrapper ts-ts-service-featured-wrapper\"><img loading=\"lazy\" decoding=\"async\" width=\"885\" height=\"664\" src=\"https:\/\/lequia-udg.com\/wp-content\/uploads\/2023\/11\/Processos-avancat-doxidacio-i-adsorcio-AOPs.jpg\" class=\"attachment-themestek-img-800x700 size-themestek-img-800x700 wp-post-image\" alt=\"\" \/><\/div>\t\t<div class=\"themestek-box-content\">\r\n            <div class=\"themestek-box-content-inner\">\t\t\t  \r\n\t\t\t\t\r\n\t\t\t\t<div class=\"themestek-pf-box-title\">\r\n\t\t\t\t\t<div class=\"themestek-box-category\"><a href=\"https:\/\/lequia-udg.com\/ca\/service-category\/research-portfolio-ca\/\">Cat\u00e0leg de recerca<\/a><\/div>\r\n\t\t\t\t\t<h3><a title=\"Processos avan\u00e7at d&#8217;oxidaci\u00f3 i adsorci\u00f3 (AOPs)\" href=\"https:\/\/lequia-udg.com\/ca\/service\/processos-avancat-doxidacio-i-adsorcio-aops\/\">Processos avan\u00e7at d&#8217;oxidaci\u00f3 i adsorci\u00f3 (AOPs)<\/a><\/h3>\t\t\t\t\t\r\n\t\t\t\t<\/div>\r\n\r\n\t\t\t\t   \r\n\t\t\t<\/div>\t\t\r\n\t\t<\/div>\r\n\t<\/div>\r\n<\/article><\/div><div class=\"ts-box-col-wrapper col-lg-3 col-sm-6 col-md-3 col-xs-12 ts-term-52\"><article class=\"themestek-box themestek-box-service ts-servicebox-style-1\">\r\n\t<div class=\"themestek-post-item\">\r\n\t\t<div class=\"ts-featured-wrapper ts-ts-service-featured-wrapper\"><img loading=\"lazy\" decoding=\"async\" width=\"885\" height=\"804\" src=\"https:\/\/lequia-udg.com\/wp-content\/uploads\/2023\/11\/Sistemes-socionaturals.jpg\" class=\"attachment-themestek-img-800x700 size-themestek-img-800x700 wp-post-image\" alt=\"\" \/><\/div>\t\t<div class=\"themestek-box-content\">\r\n            <div class=\"themestek-box-content-inner\">\t\t\t  \r\n\t\t\t\t\r\n\t\t\t\t<div class=\"themestek-pf-box-title\">\r\n\t\t\t\t\t<div class=\"themestek-box-category\"><a href=\"https:\/\/lequia-udg.com\/ca\/service-category\/research-portfolio-ca\/\">Cat\u00e0leg de recerca<\/a><\/div>\r\n\t\t\t\t\t<h3><a title=\"Sistemes s\u00f2cio-naturals\" href=\"https:\/\/lequia-udg.com\/ca\/service\/sistemes-socionaturals\/\">Sistemes s\u00f2cio-naturals<\/a><\/h3>\t\t\t\t\t\r\n\t\t\t\t<\/div>\r\n\r\n\t\t\t\t   \r\n\t\t\t<\/div>\t\t\r\n\t\t<\/div>\r\n\t<\/div>\r\n<\/article><\/div><div class=\"ts-box-col-wrapper col-lg-3 col-sm-6 col-md-3 col-xs-12 ts-term-52\"><article class=\"themestek-box themestek-box-service ts-servicebox-style-1\">\r\n\t<div class=\"themestek-post-item\">\r\n\t\t<div class=\"ts-featured-wrapper ts-ts-service-featured-wrapper\"><img loading=\"lazy\" decoding=\"async\" width=\"885\" height=\"664\" src=\"https:\/\/lequia-udg.com\/wp-content\/uploads\/2018\/08\/Electro-sintesi-microbiana.jpg\" class=\"attachment-themestek-img-800x700 size-themestek-img-800x700 wp-post-image\" alt=\"\" \/><\/div>\t\t<div class=\"themestek-box-content\">\r\n            <div class=\"themestek-box-content-inner\">\t\t\t  \r\n\t\t\t\t\r\n\t\t\t\t<div class=\"themestek-pf-box-title\">\r\n\t\t\t\t\t<div class=\"themestek-box-category\"><a href=\"https:\/\/lequia-udg.com\/ca\/service-category\/research-portfolio-ca\/\">Cat\u00e0leg de recerca<\/a><\/div>\r\n\t\t\t\t\t<h3><a title=\"Tecnologies d&#8217;electro-s\u00edntesi microbiana\" href=\"https:\/\/lequia-udg.com\/ca\/service\/electro-sintesi-microbiana\/\">Tecnologies d&#8217;electro-s\u00edntesi microbiana<\/a><\/h3>\t\t\t\t\t\r\n\t\t\t\t<\/div>\r\n\r\n\t\t\t\t   \r\n\t\t\t<\/div>\t\t\r\n\t\t<\/div>\r\n\t<\/div>\r\n<\/article><\/div><div class=\"ts-box-col-wrapper col-lg-3 col-sm-6 col-md-3 col-xs-12 ts-term-52\"><article class=\"themestek-box themestek-box-service ts-servicebox-style-1\">\r\n\t<div class=\"themestek-post-item\">\r\n\t\t<div class=\"ts-featured-wrapper ts-ts-service-featured-wrapper\"><img loading=\"lazy\" decoding=\"async\" width=\"2099\" height=\"2041\" src=\"https:\/\/lequia-udg.com\/wp-content\/uploads\/2024\/11\/Foto-portfoli-potables-e1731599282551.jpg\" class=\"attachment-themestek-img-800x700 size-themestek-img-800x700 wp-post-image\" alt=\"\" \/><\/div>\t\t<div class=\"themestek-box-content\">\r\n            <div class=\"themestek-box-content-inner\">\t\t\t  \r\n\t\t\t\t\r\n\t\t\t\t<div class=\"themestek-pf-box-title\">\r\n\t\t\t\t\t<div class=\"themestek-box-category\"><a href=\"https:\/\/lequia-udg.com\/ca\/service-category\/research-portfolio-ca\/\">Cat\u00e0leg de recerca<\/a><\/div>\r\n\t\t\t\t\t<h3><a title=\"Tractament d&#8217;aigua potable\" href=\"https:\/\/lequia-udg.com\/ca\/service\/tractament-daigua-potable\/\">Tractament d&#8217;aigua potable<\/a><\/h3>\t\t\t\t\t\r\n\t\t\t\t<\/div>\r\n\r\n\t\t\t\t   \r\n\t\t\t<\/div>\t\t\r\n\t\t<\/div>\r\n\t<\/div>\r\n<\/article><\/div>\r\n\t\t\t<\/div>\r\n\t\t<\/div><!-- .themestek-boxes-inner -->   <\/div><!-- .themestek-boxes -->  \t\t\t\t<\/div>\n\t\t\t\t<\/div>\n\t\t\t\t\t<\/div>\n\t\t<\/div>\n\t\t\t\t\t<\/div>\n\t\t<\/section>\n\t\t\t\t<\/div>\n\t\t","protected":false},"excerpt":{"rendered":"<p>Cat\u00e0leg de recerca Cat\u00e0leg de recerca Electro-s\u00edntesi microbiana Cat\u00e0leg de recerca Eliminaci\u00f3 autotr\u00f2fica de nitrogen d&#8217;aig\u00fces residuals en un proc\u00e9s Anammox Cat\u00e0leg de recerca Membranes per al tractament d&#8217;aig\u00fces i recuperaci\u00f3 de recursos Cat\u00e0leg de recerca Processos avan\u00e7at d&#8217;oxidaci\u00f3 i adsorci\u00f3 (AOPs) Cat\u00e0leg de recerca Recuperaci\u00f3 de f\u00f2sfor d&#8217;aig\u00fces residuals Cat\u00e0leg de recerca Sistemes bioelectroqu\u00edmics &hellip; <a href=\"https:\/\/lequia-udg.com\/ca\/service\/tractament-daigua-potable\/\" class=\"more-link\" title=\"Continue reading <span class=\"screen-reader-text\">Tractament d&#8217;aigua potable<\/span>&#8220;>Continue reading <span class=\"screen-reader-text\">Tractament d&#8217;aigua potable<\/span><\/a><\/p>\n","protected":false},"author":1,"featured_media":0,"parent":0,"menu_order":0,"comment_status":"closed","ping_status":"closed","template":"","meta":{"footnotes":""},"class_list":["post-7817","page","type-page","status-publish","hentry"],"_links":{"self":[{"href":"https:\/\/lequia-udg.com\/ca\/wp-json\/wp\/v2\/pages\/7817","targetHints":{"allow":["GET"]}}],"collection":[{"href":"https:\/\/lequia-udg.com\/ca\/wp-json\/wp\/v2\/pages"}],"about":[{"href":"https:\/\/lequia-udg.com\/ca\/wp-json\/wp\/v2\/types\/page"}],"author":[{"embeddable":true,"href":"https:\/\/lequia-udg.com\/ca\/wp-json\/wp\/v2\/users\/1"}],"replies":[{"embeddable":true,"href":"https:\/\/lequia-udg.com\/ca\/wp-json\/wp\/v2\/comments?post=7817"}],"version-history":[{"count":6,"href":"https:\/\/lequia-udg.com\/ca\/wp-json\/wp\/v2\/pages\/7817\/revisions"}],"predecessor-version":[{"id":11116,"href":"https:\/\/lequia-udg.com\/ca\/wp-json\/wp\/v2\/pages\/7817\/revisions\/11116"}],"wp:attachment":[{"href":"https:\/\/lequia-udg.com\/ca\/wp-json\/wp\/v2\/media?parent=7817"}],"curies":[{"name":"wp","href":"https:\/\/api.w.org\/{rel}","templated":true}]}}