{"id":891,"date":"2023-11-14T17:40:12","date_gmt":"2023-11-14T17:40:12","guid":{"rendered":"http:\/\/lequia-udg.com\/investigadors-postdoctorals-seniors\/"},"modified":"2024-06-26T10:36:09","modified_gmt":"2024-06-26T10:36:09","slug":"investigadors-postdoctorals-seniors","status":"publish","type":"page","link":"https:\/\/lequia-udg.com\/ca\/investigadors-postdoctorals-seniors\/","title":{"rendered":"Investigadors postdoctorals\/s\u00e8niors"},"content":{"rendered":"\t\t<div data-elementor-type=\"wp-page\" data-elementor-id=\"891\" class=\"elementor elementor-891 elementor-872\" data-elementor-post-type=\"page\">\n\t\t\t\t\t\t<section class=\"elementor-section elementor-top-section elementor-element elementor-element-60f259b ts-col-stretched-none ts-bg-color-over-image elementor-section-boxed elementor-section-height-default elementor-section-height-default\" data-id=\"60f259b\" data-element_type=\"section\">\n\t\t\t\t\t\t<div class=\"elementor-container elementor-column-gap-default\">\n\t\t\t\t\t<div class=\"elementor-column elementor-col-100 elementor-top-column elementor-element elementor-element-aec116e ts-bg-color-over-image\" data-id=\"aec116e\" data-element_type=\"column\">\n\t\t\t<div class=\"elementor-widget-wrap elementor-element-populated\">\n\t\t\t\t\t\t<div class=\"elementor-element elementor-element-0d90e89 elementor-widget elementor-widget-ts_team_element\" data-id=\"0d90e89\" data-element_type=\"widget\" data-widget_type=\"ts_team_element.default\">\n\t\t\t\t<div class=\"elementor-widget-container\">\n\t\t\t\t\t<div class=\"themestek-boxes themestek-boxes-team themestek-boxes-element-team-style-1 themestek-boxes-view-default themestek-boxes-col-four themestek-boxes-sortable- themestek-boxes-textalign- themestek-boxes-sortablebutton- themestek-boxes-spacing-default\">\r\n\t\t<div class=\"themestek-boxes-inner themestek-boxes-team-inner \">\t<div class=\"ts-heading-subheading \"><h2 class=\"ts-custom-heading ts-custom-heading-title\">\r\n\t\t\t\r\n\t\t\t\tPost-doctoral\/senior researchers\r\n\t\t\t\r\n\t\t\t<\/h2>\r\n\t\t<\/div>\r\n\t\t\t\r\n\t\t\t<div class=\"row multi-columns-row themestek-boxes-row-wrapper\">\r\n\t\t\t\t<div class=\"ts-box-col-wrapper col-lg-3 col-sm-6 col-md-3 col-xs-12 ts-term-42\"><article class=\"themestek-box themestek-box-team ts-teambox-style-1  ts-hover-style-2\">\r\n\t<div class=\"themestek-post-item\">\r\n\t\t\r\n\t\t<span class=\"themestek-item-thumbnail\">\r\n\t\t\t<span class=\"themestek-item-thumbnail-inner\">\r\n\t\t\t\t<img fetchpriority=\"high\" decoding=\"async\" width=\"600\" height=\"590\" src=\"https:\/\/lequia-udg.com\/wp-content\/uploads\/2023\/11\/Alba-Cabrera-scaled-1.jpg\" class=\"attachment-themestek-img-600x712 size-themestek-img-600x712 wp-post-image\" alt=\"\" \/>\r\n\t\t\t<\/span>\r\n\t\t<\/span>\r\n\t\t<div class=\"themestek-box-content\">\r\n            <div class=\"themestek-box-content-inner\">\t\t  \r\n\t\t\t \r\n\t\t\t\t<div class=\"themestek-box-team-position ts-skincolor\">\r\n\t\t\t\t\t\t\t\t\t<\/div>\r\n\t\t\t\t<div class=\"themestek-pf-box-title\">\r\n\t\t\t\t\t<div class=\"themestek-box-title\"><h4><a title=\"Dra. Alba Cabrera Codony\" href=\"https:\/\/lequia-udg.com\/ca\/team\/dra-alba-cabrera-codony\/\">Dra. Alba Cabrera Codony<\/a><\/h4><\/div>\t\t\t\t<\/div> \r\n\r\n\t\t\t<\/div>\t\t\r\n\t\t<\/div>\r\n\t<\/div>\r\n<\/article><\/div><div class=\"ts-box-col-wrapper col-lg-3 col-sm-6 col-md-3 col-xs-12 ts-term-42\"><article class=\"themestek-box themestek-box-team ts-teambox-style-1  ts-hover-style-2\">\r\n\t<div class=\"themestek-post-item\">\r\n\t\t\r\n\t\t<span class=\"themestek-item-thumbnail\">\r\n\t\t\t<span class=\"themestek-item-thumbnail-inner\">\r\n\t\t\t\t<img decoding=\"async\" width=\"600\" height=\"590\" src=\"https:\/\/lequia-udg.com\/wp-content\/uploads\/2023\/11\/Dr-Laura-Rovira-Alsina-2-600x590.jpg\" class=\"attachment-themestek-img-600x712 size-themestek-img-600x712 wp-post-image\" alt=\"\" \/>\r\n\t\t\t<\/span>\r\n\t\t<\/span>\r\n\t\t<div class=\"themestek-box-content\">\r\n            <div class=\"themestek-box-content-inner\">\t\t  \r\n\t\t\t \r\n\t\t\t\t<div class=\"themestek-box-team-position ts-skincolor\">\r\n\t\t\t\t\t\t\t\t\t<\/div>\r\n\t\t\t\t<div class=\"themestek-pf-box-title\">\r\n\t\t\t\t\t<div class=\"themestek-box-title\"><h4><a title=\"Dra. Laura Rovira Alsina\" href=\"https:\/\/lequia-udg.com\/ca\/team\/dra-laura-rovira-alsina\/\">Dra. Laura Rovira Alsina<\/a><\/h4><\/div>\t\t\t\t<\/div> \r\n\r\n\t\t\t<\/div>\t\t\r\n\t\t<\/div>\r\n\t<\/div>\r\n<\/article><\/div><div class=\"ts-box-col-wrapper col-lg-3 col-sm-6 col-md-3 col-xs-12 ts-term-42\"><article class=\"themestek-box themestek-box-team ts-teambox-style-1  ts-hover-style-2\">\r\n\t<div class=\"themestek-post-item\">\r\n\t\t\r\n\t\t<span class=\"themestek-item-thumbnail\">\r\n\t\t\t<span class=\"themestek-item-thumbnail-inner\">\r\n\t\t\t\t<img decoding=\"async\" width=\"600\" height=\"590\" src=\"https:\/\/lequia-udg.com\/wp-content\/uploads\/2023\/11\/Pol-Vidal-Lamolla-1-600x590.jpg\" class=\"attachment-themestek-img-600x712 size-themestek-img-600x712 wp-post-image\" alt=\"\" \/>\r\n\t\t\t<\/span>\r\n\t\t<\/span>\r\n\t\t<div class=\"themestek-box-content\">\r\n            <div class=\"themestek-box-content-inner\">\t\t  \r\n\t\t\t \r\n\t\t\t\t<div class=\"themestek-box-team-position ts-skincolor\">\r\n\t\t\t\t\t\t\t\t\t<\/div>\r\n\t\t\t\t<div class=\"themestek-pf-box-title\">\r\n\t\t\t\t\t<div class=\"themestek-box-title\"><h4><a title=\"Dr. Pol Vidal Lamolla\" href=\"https:\/\/lequia-udg.com\/ca\/team\/pol-vidal-lamolla\/\">Dr. Pol Vidal Lamolla<\/a><\/h4><\/div>\t\t\t\t<\/div> \r\n\r\n\t\t\t<\/div>\t\t\r\n\t\t<\/div>\r\n\t<\/div>\r\n<\/article><\/div><div class=\"ts-box-col-wrapper col-lg-3 col-sm-6 col-md-3 col-xs-12 ts-term-42\"><article class=\"themestek-box themestek-box-team ts-teambox-style-1  ts-hover-style-2\">\r\n\t<div class=\"themestek-post-item\">\r\n\t\t\r\n\t\t<span class=\"themestek-item-thumbnail\">\r\n\t\t\t<span class=\"themestek-item-thumbnail-inner\">\r\n\t\t\t\t<img loading=\"lazy\" decoding=\"async\" width=\"600\" height=\"590\" src=\"https:\/\/lequia-udg.com\/wp-content\/uploads\/2023\/11\/Meritxell-Romans-Casas-1-600x590.jpg\" class=\"attachment-themestek-img-600x712 size-themestek-img-600x712 wp-post-image\" alt=\"\" \/>\r\n\t\t\t<\/span>\r\n\t\t<\/span>\r\n\t\t<div class=\"themestek-box-content\">\r\n            <div class=\"themestek-box-content-inner\">\t\t  \r\n\t\t\t \r\n\t\t\t\t<div class=\"themestek-box-team-position ts-skincolor\">\r\n\t\t\t\t\t\t\t\t\t<\/div>\r\n\t\t\t\t<div class=\"themestek-pf-box-title\">\r\n\t\t\t\t\t<div class=\"themestek-box-title\"><h4><a title=\"Dra. Meritxell Romans Casas\" href=\"https:\/\/lequia-udg.com\/ca\/team\/meritxell-romans-casas\/\">Dra. Meritxell Romans Casas<\/a><\/h4><\/div>\t\t\t\t<\/div> \r\n\r\n\t\t\t<\/div>\t\t\r\n\t\t<\/div>\r\n\t<\/div>\r\n<\/article><\/div><div class=\"ts-box-col-wrapper col-lg-3 col-sm-6 col-md-3 col-xs-12 ts-term-42\"><article class=\"themestek-box themestek-box-team ts-teambox-style-1  ts-hover-style-2\">\r\n\t<div class=\"themestek-post-item\">\r\n\t\t\r\n\t\t<span class=\"themestek-item-thumbnail\">\r\n\t\t\t<span class=\"themestek-item-thumbnail-inner\">\r\n\t\t\t\t<img loading=\"lazy\" decoding=\"async\" width=\"600\" height=\"590\" src=\"https:\/\/lequia-udg.com\/wp-content\/uploads\/2023\/11\/Dr-Alexandra-Popartan-600x590.jpg\" class=\"attachment-themestek-img-600x712 size-themestek-img-600x712 wp-post-image\" alt=\"\" \/>\r\n\t\t\t<\/span>\r\n\t\t<\/span>\r\n\t\t<div class=\"themestek-box-content\">\r\n            <div class=\"themestek-box-content-inner\">\t\t  \r\n\t\t\t \r\n\t\t\t\t<div class=\"themestek-box-team-position ts-skincolor\">\r\n\t\t\t\t\t\t\t\t\t<\/div>\r\n\t\t\t\t<div class=\"themestek-pf-box-title\">\r\n\t\t\t\t\t<div class=\"themestek-box-title\"><h4><a title=\"Dra. Alexandra Popartan\" href=\"https:\/\/lequia-udg.com\/ca\/team\/dra-alexandra-popartan\/\">Dra. Alexandra Popartan<\/a><\/h4><\/div>\t\t\t\t<\/div> \r\n\r\n\t\t\t<\/div>\t\t\r\n\t\t<\/div>\r\n\t<\/div>\r\n<\/article><\/div><div class=\"ts-box-col-wrapper col-lg-3 col-sm-6 col-md-3 col-xs-12 ts-term-42\"><article class=\"themestek-box themestek-box-team ts-teambox-style-1  ts-hover-style-2\">\r\n\t<div class=\"themestek-post-item\">\r\n\t\t\r\n\t\t<span class=\"themestek-item-thumbnail\">\r\n\t\t\t<span class=\"themestek-item-thumbnail-inner\">\r\n\t\t\t\t<img loading=\"lazy\" decoding=\"async\" width=\"600\" height=\"590\" src=\"https:\/\/lequia-udg.com\/wp-content\/uploads\/2023\/11\/Dr-Gaetan-Blandin-600x590.jpg\" class=\"attachment-themestek-img-600x712 size-themestek-img-600x712 wp-post-image\" alt=\"\" \/>\r\n\t\t\t<\/span>\r\n\t\t<\/span>\r\n\t\t<div class=\"themestek-box-content\">\r\n            <div class=\"themestek-box-content-inner\">\t\t  \r\n\t\t\t \r\n\t\t\t\t<div class=\"themestek-box-team-position ts-skincolor\">\r\n\t\t\t\t\t\t\t\t\t<\/div>\r\n\t\t\t\t<div class=\"themestek-pf-box-title\">\r\n\t\t\t\t\t<div class=\"themestek-box-title\"><h4><a title=\"Dr. Gaetan Blandin\" href=\"https:\/\/lequia-udg.com\/ca\/team\/dr-gaetan-blandin\/\">Dr. Gaetan Blandin<\/a><\/h4><\/div>\t\t\t\t<\/div> \r\n\r\n\t\t\t<\/div>\t\t\r\n\t\t<\/div>\r\n\t<\/div>\r\n<\/article><\/div><div class=\"ts-box-col-wrapper col-lg-3 col-sm-6 col-md-3 col-xs-12 ts-term-42\"><article class=\"themestek-box themestek-box-team ts-teambox-style-1  ts-hover-style-2\">\r\n\t<div class=\"themestek-post-item\">\r\n\t\t\r\n\t\t<span class=\"themestek-item-thumbnail\">\r\n\t\t\t<span class=\"themestek-item-thumbnail-inner\">\r\n\t\t\t\t<img loading=\"lazy\" decoding=\"async\" width=\"600\" height=\"590\" src=\"https:\/\/lequia-udg.com\/wp-content\/uploads\/2023\/11\/Laura-Ferrandez-Galceran-1-600x590.jpg\" class=\"attachment-themestek-img-600x712 size-themestek-img-600x712 wp-post-image\" alt=\"\" \/>\r\n\t\t\t<\/span>\r\n\t\t<\/span>\r\n\t\t<div class=\"themestek-box-content\">\r\n            <div class=\"themestek-box-content-inner\">\t\t  \r\n\t\t\t \r\n\t\t\t\t<div class=\"themestek-box-team-position ts-skincolor\">\r\n\t\t\t\t\t\t\t\t\t<\/div>\r\n\t\t\t\t<div class=\"themestek-pf-box-title\">\r\n\t\t\t\t\t<div class=\"themestek-box-title\"><h4><a title=\"Dra. Laura Ferr\u00e0ndez Galceran\" href=\"https:\/\/lequia-udg.com\/ca\/team\/laura-ferrandez-galceran\/\">Dra. Laura Ferr\u00e0ndez Galceran<\/a><\/h4><\/div>\t\t\t\t<\/div> \r\n\r\n\t\t\t<\/div>\t\t\r\n\t\t<\/div>\r\n\t<\/div>\r\n<\/article><\/div><div class=\"ts-box-col-wrapper col-lg-3 col-sm-6 col-md-3 col-xs-12 ts-term-42\"><article class=\"themestek-box themestek-box-team ts-teambox-style-1  ts-hover-style-2\">\r\n\t<div class=\"themestek-post-item\">\r\n\t\t\r\n\t\t<span class=\"themestek-item-thumbnail\">\r\n\t\t\t<span class=\"themestek-item-thumbnail-inner\">\r\n\t\t\t\t<img loading=\"lazy\" decoding=\"async\" width=\"600\" height=\"590\" src=\"https:\/\/lequia-udg.com\/wp-content\/uploads\/2023\/11\/Alba-Ceballos-Escalera-Lopez-1-600x590.jpg\" class=\"attachment-themestek-img-600x712 size-themestek-img-600x712 wp-post-image\" alt=\"\" \/>\r\n\t\t\t<\/span>\r\n\t\t<\/span>\r\n\t\t<div class=\"themestek-box-content\">\r\n            <div class=\"themestek-box-content-inner\">\t\t  \r\n\t\t\t \r\n\t\t\t\t<div class=\"themestek-box-team-position ts-skincolor\">\r\n\t\t\t\t\t\t\t\t\t<\/div>\r\n\t\t\t\t<div class=\"themestek-pf-box-title\">\r\n\t\t\t\t\t<div class=\"themestek-box-title\"><h4><a title=\"Dra. Alba Ceballos-Escalera L\u00f3pez\" href=\"https:\/\/lequia-udg.com\/ca\/team\/alba-ceballos-escalera-lopez\/\">Dra. Alba Ceballos-Escalera L\u00f3pez<\/a><\/h4><\/div>\t\t\t\t<\/div> \r\n\r\n\t\t\t<\/div>\t\t\r\n\t\t<\/div>\r\n\t<\/div>\r\n<\/article><\/div>\r\n\t\t\t<\/div>\r\n\t\t<\/div><!-- .themestek-boxes-inner -->   <\/div><!-- .themestek-boxes -->  \t\t\t\t<\/div>\n\t\t\t\t<\/div>\n\t\t\t\t\t<\/div>\n\t\t<\/div>\n\t\t\t\t\t<\/div>\n\t\t<\/section>\n\t\t\t\t<\/div>\n\t\t","protected":false},"excerpt":{"rendered":"<p>Post-doctoral\/senior researchers Dr David Palma Heredia Dr Alba Cabrera Codony Dr Narc\u00eds Pous Rodr\u00edguez Dr Gaetan Blandin Dr Alexandra Popartan Dr Silvia Bolognesi Dr Laura Rovira Alsina Dr H\u00e8ctor Moncl\u00fas Sales<\/p>\n","protected":false},"author":1,"featured_media":0,"parent":0,"menu_order":0,"comment_status":"closed","ping_status":"closed","template":"","meta":{"footnotes":""},"class_list":["post-891","page","type-page","status-publish","hentry"],"_links":{"self":[{"href":"https:\/\/lequia-udg.com\/ca\/wp-json\/wp\/v2\/pages\/891","targetHints":{"allow":["GET"]}}],"collection":[{"href":"https:\/\/lequia-udg.com\/ca\/wp-json\/wp\/v2\/pages"}],"about":[{"href":"https:\/\/lequia-udg.com\/ca\/wp-json\/wp\/v2\/types\/page"}],"author":[{"embeddable":true,"href":"https:\/\/lequia-udg.com\/ca\/wp-json\/wp\/v2\/users\/1"}],"replies":[{"embeddable":true,"href":"https:\/\/lequia-udg.com\/ca\/wp-json\/wp\/v2\/comments?post=891"}],"version-history":[{"count":15,"href":"https:\/\/lequia-udg.com\/ca\/wp-json\/wp\/v2\/pages\/891\/revisions"}],"predecessor-version":[{"id":13016,"href":"https:\/\/lequia-udg.com\/ca\/wp-json\/wp\/v2\/pages\/891\/revisions\/13016"}],"wp:attachment":[{"href":"https:\/\/lequia-udg.com\/ca\/wp-json\/wp\/v2\/media?parent=891"}],"curies":[{"name":"wp","href":"https:\/\/api.w.org\/{rel}","templated":true}]}}